{"id":44465,"date":"2024-02-26T15:57:32","date_gmt":"2024-02-26T14:57:38","guid":{"rendered":"https:\/\/www.woolsome.shop\/?post_type=product&#038;p=44465"},"modified":"2025-05-10T18:52:03","modified_gmt":"2025-05-10T16:52:03","slug":"islandzka-owcza-skora-czarna-ish-19","status":"publish","type":"product","link":"https:\/\/www.woolsome.shop\/pl\/produkt\/islandzka-owcza-skora-czarna-ish-19\/","title":{"rendered":"Islandzka Owcza Sk\u00f3ra XL &#8211; Czarna &#8211; ISH 19"},"content":{"rendered":"<div class=\"wpb-content-wrapper\">[vc_row][vc_column width=\"5\/12\"][vc_tta_accordion c_icon=\"chevron\" active_section=\"1\"][vc_tta_section i_icon_fontawesome=\"fa fa-solid fa-cloud\" add_icon=\"true\" title=\"Co wp\u0142ywa na d\u0142ugo\u015b\u0107 i struktur\u0119 runa sk\u00f3ry islandzkiej?\" tab_id=\"1777477194311-e7618bda-a876\"]\t\t<div id=\"wd-69f3514514401\" class=\"wd-text-block wd-wpb reset-last-child wd-rs-69f3514514401 text-left \">\n\t\t\t<p>D\u0142ugo\u015b\u0107 i faktura runa islandzkiej owcy s\u0105 kszta\u0142towane zar\u00f3wno przez genetyk\u0119, jak i \u015brodowisko. Islandzkie owce wykszta\u0142ci\u0142y runo dwuwarstwowe: d\u0142ugie, <strong>jedwabiste w\u0142osy okrywowe po\u0142\u0105czone z mi\u0119kkim, izoluj\u0105cym podszerstkiem<\/strong>.<\/p>\n<p>W surowym klimacie Islandii, zewn\u0119trzna warstwa w\u0142osa chroni przed deszczem i wiatrem. Te <strong>d\u0142u\u017csze w\u0142\u00f3kna s\u0105 naturalnie wodoodporne<\/strong>, lekko \u015bliskie i maj\u0105 tendencj\u0119 do rozdzielania si\u0119 na pasma, nadaj\u0105c islandzkiej sk\u00f3rze owczej charakterystyczny, przewiewny i dynamiczny wygl\u0105d. G\u0119sty <strong>podszerstek zatrzymuje ciep\u0142o i zapewnia izolacj\u0119<\/strong>, szczeg\u00f3lnie podczas mro\u017anych zim.<\/p>\n<p>Ostateczny wygl\u0105d zale\u017cy r\u00f3wnie\u017c od procesu garbowania. Islandzka sk\u00f3ra owcza garbowana ro\u015blinnie zachowuje swoj\u0105 naturaln\u0105 mi\u0119kko\u015b\u0107, elastyczno\u015b\u0107 i ruchomo\u015b\u0107, bez sztywnego, \u201eplastikowego\u201d wyko\u0144czenia typowego dla garbowania chromowego. Po garbowaniu, samo szczotkowanie runa przywraca mu g\u0142adko\u015b\u0107 i obj\u0119to\u015b\u0107.<\/p>\n\t\t<\/div>\n\t\t[\/vc_tta_section][vc_tta_section i_icon_fontawesome=\"fa fa-solid fa-question\" add_icon=\"true\" title=\"Do jakich projekt\u00f3w najlepiej wykorzysta\u0107 sk\u00f3r\u0119 islandzk\u0105?\" tab_id=\"1777552053530-142c85e0-2650\"]\t\t<div id=\"wd-69f351d4dcc5c\" class=\"wd-text-block wd-wpb reset-last-child wd-rs-69f351d4dcc5c text-left \">\n\t\t\t<p><span style=\"font-weight: 400;\">Sk\u00f3ra islandzka to wyb\u00f3r tam, gdzie liczy si\u0119 efekt wizualny, ruch i \u201e\u017cycie\u201d materia\u0142u. D\u0142ugow\u0142ose runo sprawdza si\u0119 przede wszystkim jako ozdoba, <\/span>dzi\u0119ki czemu idealnie nadaje si\u0119 do:<\/p>\n<ul>\n<li>stroj\u00f3w do LARP-\u00f3w i cosplayu (peleryny, peleryny, detale kostium\u00f3w)<\/li>\n<li>stroj\u00f3w i akcesori\u00f3w do rekonstrukcji historycznej<\/li>\n<li>dekoracji obozowych (narzuty na \u0142awki, po\u015bciel, dekoracje namiot\u00f3w)<\/li>\n<li>stylizacji postaci, w kt\u00f3rych faktura i detale odgrywaj\u0105 kluczow\u0105 rol\u0119<\/li>\n<\/ul>\n<p><span style=\"font-weight: 400;\">Ze wzgl\u0119du na d\u0142ugo\u015b\u0107 runa rzadziej wykorzystuje si\u0119 j\u0105 do szycia dopasowanej odzie\u017cy (np. ko\u017cuch\u00f3w), ale \u015bwietnie dzia\u0142a jako warstwa wierzchnia lub element dekoracyjny.<\/span><\/p>\n\t\t<\/div>\n\t\t[\/vc_tta_section][vc_tta_section i_icon_fontawesome=\"fa fa-solid fa-arrows-turn-to-dots\" add_icon=\"true\" title=\" R\u00f3\u017cnice mi\u0119dzy sk\u00f3r\u0105 islandzk\u0105 a kontynentaln\u0105\" tab_id=\"1777553391357-251e7e5b-f67b\"]\t\t<div id=\"wd-69f3526e7114b\" class=\"wd-text-block wd-wpb reset-last-child wd-rs-69f3526e7114b text-left \">\n\t\t\t<p>Wyb\u00f3r odpowiedniej sk\u00f3ry owczej zale\u017cy od projektu i sposobu, w jaki materia\u0142 b\u0119dzie wykorzystany.<\/p>\n<p><strong>Islandzka sk\u00f3ra owcza<\/strong> charakteryzuje si\u0119 d\u0142ugim, lekkim runem, kt\u00f3re swobodnie si\u0119 porusza, rozdziela si\u0119 na pasma i pi\u0119knie odbija \u015bwiat\u0142o. Tworzy to surowy, naturalny wygl\u0105d pe\u0142en g\u0142\u0119bi i ruchu. To najlepszy wyb\u00f3r dla projekt\u00f3w o charakterze wizualnym, takich jak <strong>elementy kostium\u00f3w, narzuty, dekoracje namiot\u00f3w lub efektowne wyko\u0144czenia<\/strong>, gdzie potrzebny jest \u201e\u017cywy\u201d materia\u0142, kt\u00f3ry podkre\u015bla obj\u0119to\u015b\u0107 i charakter.<\/p>\n<p>Z kolei <strong>sk\u00f3ra owcza kontynentalna<\/strong> ma kr\u00f3tsze, g\u0119stsze i bardziej zwarte runo. Dzi\u0119ki temu jest o wiele bardziej praktyczna w codziennym u\u017cytkowaniu: jest odporna na pl\u0105tanie, lepiej znosi tarcie i zachowuje schludny wygl\u0105d przez d\u0142ugi czas. Jest preferowanym wyborem do trwa\u0142ych zastosowa\u0144, takich jak <strong>ko\u017cuchy, podszewki, ko\u0142nierze, poduszki na siedzenia czy sprz\u0119t kempingowy<\/strong>.<\/p>\n\t\t<\/div>\n\t\t[\/vc_tta_section][vc_tta_section i_icon_fontawesome=\"fa fa-solid fa-hand-holding-heart\" add_icon=\"true\" title=\"Jak dba\u0107 o sk\u00f3r\u0119 owcz\u0105 islandzk\u0105?\" tab_id=\"1777553503524-0a1234e9-8927\"]\t\t<div id=\"wd-69f352e078ade\" class=\"wd-text-block wd-wpb reset-last-child wd-rs-69f352e078ade text-left \">\n\t\t\t<p><span style=\"font-weight: 400;\">Sk\u00f3ra owcza islandzka, dzi\u0119ki swojemu d\u0142ugiemu i delikatnemu runu, wymaga nieco uwa\u017cniejszej piel\u0119gnacji ni\u017c sk\u00f3ry o kr\u00f3tszym w\u0142osiu. Kluczem jest zachowanie jej naturalnej struktury i unikanie czynnik\u00f3w, kt\u00f3re mog\u0105 prowadzi\u0107 do filcowania lub przesuszenia.<\/span><\/p>\n<ol>\n<li><span style=\"font-weight: 400;\">Przede wszystkim nale\u017cy unika\u0107 nadmiernej wilgoci i wysokiej temperatury, to one najcz\u0119\u015bciej powoduj\u0105 uszkodzenia runa oraz twardnienie sk\u00f3ry.\u00a0<\/span><\/li>\n<li><span style=\"font-weight: 400;\">Sk\u00f3ry nie powinno si\u0119 pra\u0107 w pralce ani suszy\u0107 przy \u017ar\u00f3d\u0142ach ciep\u0142a. Je\u015bli zamoknie, najlepiej pozostawi\u0107 j\u0105 do powolnego wyschni\u0119cia w temperaturze pokojowej, z dala od kaloryfer\u00f3w czy bezpo\u015bredniego s\u0142o\u0144ca.<\/span><\/li>\n<li><span style=\"font-weight: 400;\">Na co dzie\u0144 warto regularnie wietrzy\u0107 sk\u00f3r\u0119 na \u015bwie\u017cym powietrzu oraz delikatnie j\u0105 wytrzepywa\u0107, to pozwala usun\u0105\u0107 kurz i od\u015bwie\u017cy\u0107 w\u0142osie bez ingerencji w jego struktur\u0119.\u00a0<\/span><\/li>\n<li><span style=\"font-weight: 400;\">D\u0142ugie runo mo\u017ce z czasem lekko si\u0119 pl\u0105ta\u0107, dlatego dobrze jest co jaki\u015b czas rozdzieli\u0107 je palcami lub przeczesa\u0107 szerokim grzebieniem, zaczynaj\u0105c od ko\u0144c\u00f3wek.<\/span><\/li>\n<li><span style=\"font-weight: 400;\">W przypadku zabrudze\u0144 najlepiej stosowa\u0107 czyszczenie punktowe, u\u017cywaj\u0105c niewielkiej ilo\u015bci wody i delikatnych \u015brodk\u00f3w przeznaczonych do we\u0142ny lub sk\u00f3r naturalnych. Przy wi\u0119kszych zabrudzeniach bezpieczniejszym rozwi\u0105zaniem b\u0119dzie oddanie sk\u00f3ry do profesjonalnego czyszczenia.<\/span><\/li>\n<\/ol>\n<p><span style=\"font-weight: 400;\">Odpowiednio piel\u0119gnowana sk\u00f3ra owcza islandzka przez lata zachowuje swoj\u0105 mi\u0119kko\u015b\u0107, lekko\u015b\u0107 i charakterystyczny, naturalny wygl\u0105d.<\/span><\/p>\n\t\t<\/div>\n\t\t[\/vc_tta_section][\/vc_tta_accordion][\/vc_column][vc_column width=\"7\/12\"][vc_column_text text_larger=\"no\"]    <div id=\"ac72d458-4a5b-4324-b606-09a05a7c4f44\"><\/div>\n    <script defer src=\"https:\/\/trustmate.io\/api\/widget\/ac72d458-4a5b-4324-b606-09a05a7c4f44\/script?product=44465&#038;language=pl\"><\/script>\n    [\/vc_column_text][\/vc_column][\/vc_row] <!-- PL - Islandic Sheepskin - long description --><\/p>\n<\/div>","protected":false},"excerpt":{"rendered":"<p><style data-type=\"vc_shortcodes-custom-css\">.wd-rs-681c9492ad177.wd-info-box{--ib-icon-sp: 9px;--ib-icon-sp: 9px;}.wd-rs-680b71fe39286.wd-info-box{--ib-icon-sp: 9px;--ib-icon-sp: 9px;}.wd-rs-680b7211f3c45.wd-info-box{--ib-icon-sp: 9px;--ib-icon-sp: 9px;}.wd-rs-680b7223589b9.wd-info-box{--ib-icon-sp: 9px;--ib-icon-sp: 9px;}<\/style>[vc_row][vc_column][vc_column_text css=\"\" text_larger=\"no\" woodmart_inline=\"no\"]\r\n<h2>Sk\u00f3ra owcza islandzka \u2013 z d\u0142ugim, jedwabistym w\u0142osiem<\/h2>\r\nSzlachetna sk\u00f3ra owcza pochodz\u0105ca z islandzkich owiec, wyr\u00f3\u017cniaj\u0105ca si\u0119 d\u0142ugim, j<strong>edwabistym runem o wyj\u0105tkowej mi\u0119kko\u015bci<\/strong>. Jej naturalna struktura nie tylko zachwyca wygl\u0105dem, ale tak\u017ce zapewnia doskona\u0142\u0105 izolacj\u0119 ciepln\u0105.\r\n<blockquote>Sk\u00f3ra jest garbowana ro\u015blinnie, co gwarantuje ca\u0142kowit\u0105 historyczno\u015b\u0107 sk\u00f3ry, a tak\u017ce zachowanie pe\u0142nego bezpiecze\u0144stwa dla u\u017cytkownika.<\/blockquote>\r\nIdealna jako <strong>luksusowy dodatek obozowy<\/strong> \u2013 sprawdzi si\u0119 zar\u00f3wno jako podk\u0142adka na \u0142aw\u0119, jak i warstwa ocieplaj\u0105ca na drewnianym pos\u0142aniu. Mo\u017ce r\u00f3wnie\u017c pe\u0142ni\u0107 rol\u0119 dekoracyjn\u0105 w domowym wn\u0119trzu \u2013 jako naturalny akcent w stylu rustykalnym lub skandynawskim.[\/vc_column_text][vc_empty_space height=\"16px\" woodmart_hide_large=\"0\" woodmart_hide_medium=\"0\" woodmart_hide_small=\"0\"][\/vc_column][\/vc_row][vc_row][vc_column width=\"1\/4\" offset=\"vc_hidden-sm vc_hidden-xs\" woodmart_css_id=\"65803a08bc367\" parallax_scroll=\"no\" woodmart_sticky_column=\"false\" wd_collapsible_content_switcher=\"no\" wd_column_role_offcanvas_desktop=\"no\" wd_column_role_offcanvas_tablet=\"no\" wd_column_role_offcanvas_mobile=\"no\" wd_column_role_content_desktop=\"no\" wd_column_role_content_tablet=\"no\" wd_column_role_content_mobile=\"no\" mobile_bg_img_hidden=\"no\" tablet_bg_img_hidden=\"no\" woodmart_parallax=\"0\" woodmart_box_shadow=\"no\" responsive_spacing=\"eyJwYXJhbV90eXBlIjoid29vZG1hcnRfcmVzcG9uc2l2ZV9zcGFjaW5nIiwic2VsZWN0b3JfaWQiOiI2NTgwM2EwOGJjMzY3Iiwic2hvcnRjb2RlIjoidmNfY29sdW1uIiwiZGF0YSI6eyJ0YWJsZXQiOnt9LCJtb2JpbGUiOnt9fX0=\" mobile_reset_margin=\"no\" tablet_reset_margin=\"no\" wd_z_index=\"no\"]\t\t\t<div class=\"info-box-wrapper\">\n\t\t\t\t<div id=\"wd-681c9492ad177\" class=\" wd-rs-681c9492ad177 wd-info-box wd-wpb text-center box-icon-align-top box-style- color-scheme- wd-bg-none \">\n\t\t\t\t\t\t\t\t\t\t\t<div class=\"box-icon-wrapper  box-with-icon box-icon-with-border\">\n\t\t\t\t\t\t\t<div class=\"info-box-icon\">\n\n\t\t\t\t\t\t\t\n\t\t\t\t\t\t\t\t\t\t\t\t\t\t\t\t\t<img width=\"55\" height=\"55\" src=\"https:\/\/www.woolsome.shop\/wp-content\/uploads\/2025\/05\/leather_iko-55x55.png\" class=\"attachment-55x55 size-55x55\" alt=\"leather icon\" decoding=\"async\" \/>\t\t\t\t\t\t\t\t\t\t\t\t\t\t\t\n\t\t\t\t\t\t\t<\/div>\n\t\t\t\t\t\t<\/div>\n\t\t\t\t\t\t\t\t\t\t<div class=\"info-box-content\">\n\t\t\t\t\t\t<h4 class=\"info-box-title title box-title-style-default wd-fontsize-s\">Garbowana ro\u015blinnie<\/h4>\t\t\t\t\t\t<div class=\"info-box-inner set-cont-mb-s reset-last-child\"><\/div>\n\n\t\t\t\t\t\t\t\t\t\t\t<\/div>\n\n\t\t\t\t\t\n\t\t\t\t\t\t\t\t\t<\/div>\n\t\t\t<\/div>\n\t\t[\/vc_column][vc_column width=\"1\/4\" offset=\"vc_hidden-sm vc_hidden-xs\" woodmart_css_id=\"65803a3652636\" parallax_scroll=\"no\" woodmart_sticky_column=\"false\" wd_collapsible_content_switcher=\"no\" wd_column_role_offcanvas_desktop=\"no\" wd_column_role_offcanvas_tablet=\"no\" wd_column_role_offcanvas_mobile=\"no\" wd_column_role_content_desktop=\"no\" wd_column_role_content_tablet=\"no\" wd_column_role_content_mobile=\"no\" mobile_bg_img_hidden=\"no\" tablet_bg_img_hidden=\"no\" woodmart_parallax=\"0\" woodmart_box_shadow=\"no\" responsive_spacing=\"eyJwYXJhbV90eXBlIjoid29vZG1hcnRfcmVzcG9uc2l2ZV9zcGFjaW5nIiwic2VsZWN0b3JfaWQiOiI2NTgwM2EzNjUyNjM2Iiwic2hvcnRjb2RlIjoidmNfY29sdW1uIiwiZGF0YSI6eyJ0YWJsZXQiOnt9LCJtb2JpbGUiOnt9fX0=\" mobile_reset_margin=\"no\" tablet_reset_margin=\"no\" wd_z_index=\"no\"]\t\t\t<div class=\"info-box-wrapper\">\n\t\t\t\t<div id=\"wd-680b71fe39286\" class=\" wd-rs-680b71fe39286 wd-info-box wd-wpb text-center box-icon-align-top box-style- color-scheme- wd-bg-none \">\n\t\t\t\t\t\t\t\t\t\t\t<div class=\"box-icon-wrapper  box-with-icon box-icon-with-border\">\n\t\t\t\t\t\t\t<div class=\"info-box-icon\">\n\n\t\t\t\t\t\t\t\n\t\t\t\t\t\t\t\t\t\t\t\t\t\t\t\t\t<img width=\"55\" height=\"55\" src=\"https:\/\/www.woolsome.shop\/wp-content\/uploads\/2023\/12\/ikon1_naturalne-wlokna-75px-55x55.png\" class=\"attachment-55x55 size-55x55\" alt=\"\" decoding=\"async\" srcset=\"https:\/\/www.woolsome.shop\/wp-content\/uploads\/2023\/12\/ikon1_naturalne-wlokna-75px-55x55.png 55w, https:\/\/www.woolsome.shop\/wp-content\/uploads\/2023\/12\/ikon1_naturalne-wlokna-75px-75x75.png 75w, https:\/\/www.woolsome.shop\/wp-content\/uploads\/2023\/12\/ikon1_naturalne-wlokna-75px.png 112w\" sizes=\"(max-width: 55px) 100vw, 55px\" \/>\t\t\t\t\t\t\t\t\t\t\t\t\t\t\t\n\t\t\t\t\t\t\t<\/div>\n\t\t\t\t\t\t<\/div>\n\t\t\t\t\t\t\t\t\t\t<div class=\"info-box-content\">\n\t\t\t\t\t\t<h4 class=\"info-box-title title box-title-style-default wd-fontsize-s\">Naturalne materia\u0142y<\/h4>\t\t\t\t\t\t<div class=\"info-box-inner set-cont-mb-s reset-last-child\"><\/div>\n\n\t\t\t\t\t\t\t\t\t\t\t<\/div>\n\n\t\t\t\t\t\n\t\t\t\t\t\t\t\t\t<\/div>\n\t\t\t<\/div>\n\t\t[\/vc_column][vc_column width=\"1\/4\" offset=\"vc_hidden-sm vc_hidden-xs\" woodmart_css_id=\"65803a3e99575\" parallax_scroll=\"no\" woodmart_sticky_column=\"false\" wd_collapsible_content_switcher=\"no\" wd_column_role_offcanvas_desktop=\"no\" wd_column_role_offcanvas_tablet=\"no\" wd_column_role_offcanvas_mobile=\"no\" wd_column_role_content_desktop=\"no\" wd_column_role_content_tablet=\"no\" wd_column_role_content_mobile=\"no\" mobile_bg_img_hidden=\"no\" tablet_bg_img_hidden=\"no\" woodmart_parallax=\"0\" woodmart_box_shadow=\"no\" responsive_spacing=\"eyJwYXJhbV90eXBlIjoid29vZG1hcnRfcmVzcG9uc2l2ZV9zcGFjaW5nIiwic2VsZWN0b3JfaWQiOiI2NTgwM2EzZTk5NTc1Iiwic2hvcnRjb2RlIjoidmNfY29sdW1uIiwiZGF0YSI6eyJ0YWJsZXQiOnt9LCJtb2JpbGUiOnt9fX0=\" mobile_reset_margin=\"no\" tablet_reset_margin=\"no\" wd_z_index=\"no\"]\t\t\t<div class=\"info-box-wrapper\">\n\t\t\t\t<div id=\"wd-680b7211f3c45\" class=\" wd-rs-680b7211f3c45 wd-info-box wd-wpb text-center box-icon-align-top box-style- color-scheme- wd-bg-none \">\n\t\t\t\t\t\t\t\t\t\t\t<div class=\"box-icon-wrapper  box-with-icon box-icon-with-border\">\n\t\t\t\t\t\t\t<div class=\"info-box-icon\">\n\n\t\t\t\t\t\t\t\n\t\t\t\t\t\t\t\t\t\t\t\t\t\t\t\t\t<img width=\"55\" height=\"55\" src=\"https:\/\/www.woolsome.shop\/wp-content\/uploads\/2023\/12\/ikon2_wysylka-75px-55x55.png\" class=\"attachment-55x55 size-55x55\" alt=\"\" decoding=\"async\" srcset=\"https:\/\/www.woolsome.shop\/wp-content\/uploads\/2023\/12\/ikon2_wysylka-75px-55x55.png 55w, https:\/\/www.woolsome.shop\/wp-content\/uploads\/2023\/12\/ikon2_wysylka-75px-75x75.png 75w, https:\/\/www.woolsome.shop\/wp-content\/uploads\/2023\/12\/ikon2_wysylka-75px.png 112w\" sizes=\"(max-width: 55px) 100vw, 55px\" \/>\t\t\t\t\t\t\t\t\t\t\t\t\t\t\t\n\t\t\t\t\t\t\t<\/div>\n\t\t\t\t\t\t<\/div>\n\t\t\t\t\t\t\t\t\t\t<div class=\"info-box-content\">\n\t\t\t\t\t\t<h4 class=\"info-box-title title box-title-style-default wd-fontsize-s\">Wysy\u0142ka na ca\u0142y \u015bwiat<\/h4>\t\t\t\t\t\t<div class=\"info-box-inner set-cont-mb-s reset-last-child\"><\/div>\n\n\t\t\t\t\t\t\t\t\t\t\t<\/div>\n\n\t\t\t\t\t\n\t\t\t\t\t\t\t\t\t<\/div>\n\t\t\t<\/div>\n\t\t[\/vc_column][vc_column width=\"1\/4\" offset=\"vc_hidden-sm vc_hidden-xs\" woodmart_css_id=\"65803a4813b08\" parallax_scroll=\"no\" woodmart_sticky_column=\"false\" wd_collapsible_content_switcher=\"no\" wd_column_role_offcanvas_desktop=\"no\" wd_column_role_offcanvas_tablet=\"no\" wd_column_role_offcanvas_mobile=\"no\" wd_column_role_content_desktop=\"no\" wd_column_role_content_tablet=\"no\" wd_column_role_content_mobile=\"no\" mobile_bg_img_hidden=\"no\" tablet_bg_img_hidden=\"no\" woodmart_parallax=\"0\" woodmart_box_shadow=\"no\" responsive_spacing=\"eyJwYXJhbV90eXBlIjoid29vZG1hcnRfcmVzcG9uc2l2ZV9zcGFjaW5nIiwic2VsZWN0b3JfaWQiOiI2NTgwM2E0ODEzYjA4Iiwic2hvcnRjb2RlIjoidmNfY29sdW1uIiwiZGF0YSI6eyJ0YWJsZXQiOnt9LCJtb2JpbGUiOnt9fX0=\" mobile_reset_margin=\"no\" tablet_reset_margin=\"no\" wd_z_index=\"no\"]\t\t\t<div class=\"info-box-wrapper\">\n\t\t\t\t<div id=\"wd-680b7223589b9\" class=\" wd-rs-680b7223589b9 wd-info-box wd-wpb text-center box-icon-align-top box-style- color-scheme- wd-bg-none \">\n\t\t\t\t\t\t\t\t\t\t\t<div class=\"box-icon-wrapper  box-with-icon box-icon-with-border\">\n\t\t\t\t\t\t\t<div class=\"info-box-icon\">\n\n\t\t\t\t\t\t\t\n\t\t\t\t\t\t\t\t\t\t\t\t\t\t\t\t\t<img width=\"55\" height=\"55\" src=\"https:\/\/www.woolsome.shop\/wp-content\/uploads\/2023\/12\/ikon6_professional-75px-55x55.png\" class=\"attachment-55x55 size-55x55\" alt=\"\" decoding=\"async\" srcset=\"https:\/\/www.woolsome.shop\/wp-content\/uploads\/2023\/12\/ikon6_professional-75px-55x55.png 55w, https:\/\/www.woolsome.shop\/wp-content\/uploads\/2023\/12\/ikon6_professional-75px-75x75.png 75w, https:\/\/www.woolsome.shop\/wp-content\/uploads\/2023\/12\/ikon6_professional-75px.png 112w\" sizes=\"(max-width: 55px) 100vw, 55px\" \/>\t\t\t\t\t\t\t\t\t\t\t\t\t\t\t\n\t\t\t\t\t\t\t<\/div>\n\t\t\t\t\t\t<\/div>\n\t\t\t\t\t\t\t\t\t\t<div class=\"info-box-content\">\n\t\t\t\t\t\t<h4 class=\"info-box-title title box-title-style-default wd-fontsize-s\">Profesjonalna obs\u0142uga<\/h4>\t\t\t\t\t\t<div class=\"info-box-inner set-cont-mb-s reset-last-child\"><\/div>\n\n\t\t\t\t\t\t\t\t\t\t\t<\/div>\n\n\t\t\t\t\t\n\t\t\t\t\t\t\t\t\t<\/div>\n\t\t\t<\/div>\n\t\t[\/vc_column][\/vc_row][vc_row][vc_column width=\"1\/2\" offset=\"vc_hidden-lg vc_hidden-md vc_col-xs-6\" woodmart_css_id=\"65871fa6c36bf\" parallax_scroll=\"no\" woodmart_sticky_column=\"false\" wd_collapsible_content_switcher=\"no\" wd_column_role_offcanvas_desktop=\"no\" wd_column_role_offcanvas_tablet=\"no\" wd_column_role_offcanvas_mobile=\"no\" wd_column_role_content_desktop=\"no\" wd_column_role_content_tablet=\"no\" wd_column_role_content_mobile=\"no\" mobile_bg_img_hidden=\"no\" tablet_bg_img_hidden=\"no\" woodmart_parallax=\"0\" woodmart_box_shadow=\"no\" responsive_spacing=\"eyJwYXJhbV90eXBlIjoid29vZG1hcnRfcmVzcG9uc2l2ZV9zcGFjaW5nIiwic2VsZWN0b3JfaWQiOiI2NTg3MWZhNmMzNmJmIiwic2hvcnRjb2RlIjoidmNfY29sdW1uIiwiZGF0YSI6eyJ0YWJsZXQiOnt9LCJtb2JpbGUiOnt9fX0=\" mobile_reset_margin=\"no\" tablet_reset_margin=\"no\" wd_z_index=\"no\"]\t\t\t<div class=\"info-box-wrapper\">\n\t\t\t\t<div id=\"wd-681c9492ad177\" class=\" wd-rs-681c9492ad177 wd-info-box wd-wpb text-center box-icon-align-top box-style- color-scheme- wd-bg-none \">\n\t\t\t\t\t\t\t\t\t\t\t<div class=\"box-icon-wrapper  box-with-icon box-icon-with-border\">\n\t\t\t\t\t\t\t<div class=\"info-box-icon\">\n\n\t\t\t\t\t\t\t\n\t\t\t\t\t\t\t\t\t\t\t\t\t\t\t\t\t<img width=\"55\" height=\"55\" src=\"https:\/\/www.woolsome.shop\/wp-content\/uploads\/2025\/05\/leather_iko-55x55.png\" class=\"attachment-55x55 size-55x55\" alt=\"leather icon\" decoding=\"async\" \/>\t\t\t\t\t\t\t\t\t\t\t\t\t\t\t\n\t\t\t\t\t\t\t<\/div>\n\t\t\t\t\t\t<\/div>\n\t\t\t\t\t\t\t\t\t\t<div class=\"info-box-content\">\n\t\t\t\t\t\t<h4 class=\"info-box-title title box-title-style-default wd-fontsize-s\">Garbowana ro\u015blinnie<\/h4>\t\t\t\t\t\t<div class=\"info-box-inner set-cont-mb-s reset-last-child\"><\/div>\n\n\t\t\t\t\t\t\t\t\t\t\t<\/div>\n\n\t\t\t\t\t\n\t\t\t\t\t\t\t\t\t<\/div>\n\t\t\t<\/div>\n\t\t\t\t\t<div class=\"info-box-wrapper\">\n\t\t\t\t<div id=\"wd-680b7211f3c45\" class=\" wd-rs-680b7211f3c45 wd-info-box wd-wpb text-center box-icon-align-top box-style- color-scheme- wd-bg-none \">\n\t\t\t\t\t\t\t\t\t\t\t<div class=\"box-icon-wrapper  box-with-icon box-icon-with-border\">\n\t\t\t\t\t\t\t<div class=\"info-box-icon\">\n\n\t\t\t\t\t\t\t\n\t\t\t\t\t\t\t\t\t\t\t\t\t\t\t\t\t<img width=\"55\" height=\"55\" src=\"https:\/\/www.woolsome.shop\/wp-content\/uploads\/2023\/12\/ikon2_wysylka-75px-55x55.png\" class=\"attachment-55x55 size-55x55\" alt=\"\" decoding=\"async\" srcset=\"https:\/\/www.woolsome.shop\/wp-content\/uploads\/2023\/12\/ikon2_wysylka-75px-55x55.png 55w, https:\/\/www.woolsome.shop\/wp-content\/uploads\/2023\/12\/ikon2_wysylka-75px-75x75.png 75w, https:\/\/www.woolsome.shop\/wp-content\/uploads\/2023\/12\/ikon2_wysylka-75px.png 112w\" sizes=\"(max-width: 55px) 100vw, 55px\" \/>\t\t\t\t\t\t\t\t\t\t\t\t\t\t\t\n\t\t\t\t\t\t\t<\/div>\n\t\t\t\t\t\t<\/div>\n\t\t\t\t\t\t\t\t\t\t<div class=\"info-box-content\">\n\t\t\t\t\t\t<h4 class=\"info-box-title title box-title-style-default wd-fontsize-s\">Wysy\u0142ka na ca\u0142y \u015bwiat<\/h4>\t\t\t\t\t\t<div class=\"info-box-inner set-cont-mb-s reset-last-child\"><\/div>\n\n\t\t\t\t\t\t\t\t\t\t\t<\/div>\n\n\t\t\t\t\t\n\t\t\t\t\t\t\t\t\t<\/div>\n\t\t\t<\/div>\n\t\t[\/vc_column][vc_column width=\"1\/2\" offset=\"vc_hidden-lg vc_hidden-md vc_col-xs-6\" woodmart_css_id=\"65871fb0a299f\" parallax_scroll=\"no\" woodmart_sticky_column=\"false\" wd_collapsible_content_switcher=\"no\" wd_column_role_offcanvas_desktop=\"no\" wd_column_role_offcanvas_tablet=\"no\" wd_column_role_offcanvas_mobile=\"no\" wd_column_role_content_desktop=\"no\" wd_column_role_content_tablet=\"no\" wd_column_role_content_mobile=\"no\" mobile_bg_img_hidden=\"no\" tablet_bg_img_hidden=\"no\" woodmart_parallax=\"0\" woodmart_box_shadow=\"no\" responsive_spacing=\"eyJwYXJhbV90eXBlIjoid29vZG1hcnRfcmVzcG9uc2l2ZV9zcGFjaW5nIiwic2VsZWN0b3JfaWQiOiI2NTg3MWZiMGEyOTlmIiwic2hvcnRjb2RlIjoidmNfY29sdW1uIiwiZGF0YSI6eyJ0YWJsZXQiOnt9LCJtb2JpbGUiOnt9fX0=\" mobile_reset_margin=\"no\" tablet_reset_margin=\"no\" wd_z_index=\"no\"]\t\t\t<div class=\"info-box-wrapper\">\n\t\t\t\t<div id=\"wd-680b71fe39286\" class=\" wd-rs-680b71fe39286 wd-info-box wd-wpb text-center box-icon-align-top box-style- color-scheme- wd-bg-none \">\n\t\t\t\t\t\t\t\t\t\t\t<div class=\"box-icon-wrapper  box-with-icon box-icon-with-border\">\n\t\t\t\t\t\t\t<div class=\"info-box-icon\">\n\n\t\t\t\t\t\t\t\n\t\t\t\t\t\t\t\t\t\t\t\t\t\t\t\t\t<img width=\"55\" height=\"55\" src=\"https:\/\/www.woolsome.shop\/wp-content\/uploads\/2023\/12\/ikon1_naturalne-wlokna-75px-55x55.png\" class=\"attachment-55x55 size-55x55\" alt=\"\" decoding=\"async\" srcset=\"https:\/\/www.woolsome.shop\/wp-content\/uploads\/2023\/12\/ikon1_naturalne-wlokna-75px-55x55.png 55w, https:\/\/www.woolsome.shop\/wp-content\/uploads\/2023\/12\/ikon1_naturalne-wlokna-75px-75x75.png 75w, https:\/\/www.woolsome.shop\/wp-content\/uploads\/2023\/12\/ikon1_naturalne-wlokna-75px.png 112w\" sizes=\"(max-width: 55px) 100vw, 55px\" \/>\t\t\t\t\t\t\t\t\t\t\t\t\t\t\t\n\t\t\t\t\t\t\t<\/div>\n\t\t\t\t\t\t<\/div>\n\t\t\t\t\t\t\t\t\t\t<div class=\"info-box-content\">\n\t\t\t\t\t\t<h4 class=\"info-box-title title box-title-style-default wd-fontsize-s\">Naturalne materia\u0142y<\/h4>\t\t\t\t\t\t<div class=\"info-box-inner set-cont-mb-s reset-last-child\"><\/div>\n\n\t\t\t\t\t\t\t\t\t\t\t<\/div>\n\n\t\t\t\t\t\n\t\t\t\t\t\t\t\t\t<\/div>\n\t\t\t<\/div>\n\t\t\t\t\t<div class=\"info-box-wrapper\">\n\t\t\t\t<div id=\"wd-680b7223589b9\" class=\" wd-rs-680b7223589b9 wd-info-box wd-wpb text-center box-icon-align-top box-style- color-scheme- wd-bg-none \">\n\t\t\t\t\t\t\t\t\t\t\t<div class=\"box-icon-wrapper  box-with-icon box-icon-with-border\">\n\t\t\t\t\t\t\t<div class=\"info-box-icon\">\n\n\t\t\t\t\t\t\t\n\t\t\t\t\t\t\t\t\t\t\t\t\t\t\t\t\t<img width=\"55\" height=\"55\" src=\"https:\/\/www.woolsome.shop\/wp-content\/uploads\/2023\/12\/ikon6_professional-75px-55x55.png\" class=\"attachment-55x55 size-55x55\" alt=\"\" decoding=\"async\" srcset=\"https:\/\/www.woolsome.shop\/wp-content\/uploads\/2023\/12\/ikon6_professional-75px-55x55.png 55w, https:\/\/www.woolsome.shop\/wp-content\/uploads\/2023\/12\/ikon6_professional-75px-75x75.png 75w, https:\/\/www.woolsome.shop\/wp-content\/uploads\/2023\/12\/ikon6_professional-75px.png 112w\" sizes=\"(max-width: 55px) 100vw, 55px\" \/>\t\t\t\t\t\t\t\t\t\t\t\t\t\t\t\n\t\t\t\t\t\t\t<\/div>\n\t\t\t\t\t\t<\/div>\n\t\t\t\t\t\t\t\t\t\t<div class=\"info-box-content\">\n\t\t\t\t\t\t<h4 class=\"info-box-title title box-title-style-default wd-fontsize-s\">Profesjonalna obs\u0142uga<\/h4>\t\t\t\t\t\t<div class=\"info-box-inner set-cont-mb-s reset-last-child\"><\/div>\n\n\t\t\t\t\t\t\t\t\t\t\t<\/div>\n\n\t\t\t\t\t\n\t\t\t\t\t\t\t\t\t<\/div>\n\t\t\t<\/div>\n\t\t[\/vc_column][\/vc_row] <!-- PL - Islandic Sheepskin - long description --><\/p>\n","protected":false},"featured_media":64074,"template":"","meta":{"_acf_changed":false},"product_cat":[1610],"product_tag":[],"woo-feed-brand":[],"class_list":{"0":"post-44465","1":"product","2":"type-product","3":"status-publish","4":"has-post-thumbnail","6":"product_cat-skory-owcze","8":"first","9":"instock","10":"featured","11":"taxable","12":"shipping-taxable","13":"purchasable","14":"product-type-simple"},"acf":[],"_links":{"self":[{"href":"https:\/\/www.woolsome.shop\/pl\/wp-json\/wp\/v2\/product\/44465","targetHints":{"allow":["GET"]}}],"collection":[{"href":"https:\/\/www.woolsome.shop\/pl\/wp-json\/wp\/v2\/product"}],"about":[{"href":"https:\/\/www.woolsome.shop\/pl\/wp-json\/wp\/v2\/types\/product"}],"wp:featuredmedia":[{"embeddable":true,"href":"https:\/\/www.woolsome.shop\/pl\/wp-json\/wp\/v2\/media\/64074"}],"wp:attachment":[{"href":"https:\/\/www.woolsome.shop\/pl\/wp-json\/wp\/v2\/media?parent=44465"}],"wp:term":[{"taxonomy":"product_cat","embeddable":true,"href":"https:\/\/www.woolsome.shop\/pl\/wp-json\/wp\/v2\/product_cat?post=44465"},{"taxonomy":"product_tag","embeddable":true,"href":"https:\/\/www.woolsome.shop\/pl\/wp-json\/wp\/v2\/product_tag?post=44465"},{"taxonomy":"woo-feed-brand","embeddable":true,"href":"https:\/\/www.woolsome.shop\/pl\/wp-json\/wp\/v2\/woo-feed-brand?post=44465"}],"curies":[{"name":"wp","href":"https:\/\/api.w.org\/{rel}","templated":true}]}}