{"id":39034,"date":"2023-12-13T22:53:34","date_gmt":"2023-12-13T21:53:34","guid":{"rendered":"https:\/\/www.woolsome.shop\/?post_type=product&#038;p=39034"},"modified":"2026-05-05T20:34:24","modified_gmt":"2026-05-05T18:34:24","slug":"wloczka-jedwabna-20-2-claudia-500m","status":"publish","type":"product","link":"https:\/\/www.woolsome.shop\/pl\/produkt\/wloczka-jedwabna-20-2-claudia-500m\/","title":{"rendered":"W\u0142\u00f3czka Jedwabna 20\/2 CLAUDIA 500m"},"content":{"rendered":"<div class=\"wpb-content-wrapper\">[vc_row][vc_column width=&#8221;5\/12&#8243;][vc_tta_accordion c_icon=&#8221;chevron&#8221; active_section=&#8221;1&#8243;][vc_tta_section i_icon_fontawesome=&#8221;fas fa-spider&#8221; add_icon=&#8221;true&#8221; title=&#8221;Jak tworzy si\u0119 nici jedwabne?&#8221; tab_id=&#8221;1697804978181-1448190b-57b3&#8243;]\t\t<div id=\"wd-65cde8fc80145\" class=\"wd-text-block wd-wpb reset-last-child wd-rs-65cde8fc80145 text-left \">\n\t\t\t<blockquote><p>\nNici jedwabne przechodz\u0105 przez skrupulatny proces tworzenia, wykorzystuj\u0105c naturalne w\u0142\u00f3kna pochodz\u0105ce z kokon\u00f3w jedwabnik\u00f3w, zwykle <strong>jedwabnik\u00f3w morwowych (Bombyx mori)<\/strong>.\n<\/p><\/blockquote>\n<p>Proces rozpoczyna si\u0119 od zbierania kokon\u00f3w jedwabnik\u00f3w, z kt\u00f3rych ka\u017cdy rozwija si\u0119 w rozpi\u0119to\u015b\u0107 mog\u0105c\u0105 osi\u0105gn\u0105\u0107 nawet 1 500 metr\u00f3w d\u0142ugo\u015bci. Nast\u0119pnie zebrane kokony s\u0105 gotowane lub parzone, w celu zmi\u0119kczenia serycyny, bia\u0142ka \u0142\u0105cz\u0105cego w\u0142\u00f3kna jedwabiu. <strong>Ten proces zmi\u0119kczania u\u0142atwia rozwini\u0119cie nici jedwabnych<\/strong>.<\/p>\n<p>Po zmi\u0119kczeniu kokony s\u0105 rozwijane, cz\u0119sto za pomoc\u0105 urz\u0105dzenia znanego jako &#8220;maszyn\u0105 nawijaj\u0105c\u0105&#8221;. W miar\u0119 rozpl\u0105tywania kokon\u00f3w, d\u0142ugie w\u0142\u00f3kna jedwabiu s\u0105 nawijane na wrzeciona. Rozpl\u0105tane <strong>w\u0142\u00f3kna jedwabne s\u0105 nast\u0119pnie skr\u0119cane w nici o niezwyk\u0142ej wytrzyma\u0142o\u015bci<\/strong>.<\/p>\n<p>Powsta\u0142e nici \u0142atwo przyjmuj\u0105 barwniki, a jedwab doskonale wch\u0142ania barwniki i jest odporny na blakni\u0119cie. Uko\u0144czone <strong>nici jedwabne s\u0105 nawijane na szpulki, sto\u017cki lub motki<\/strong>, gotowe do dystrybucji i zastosowania w r\u00f3\u017cnych dziedzinach tekstylnych i krawieckich.<\/p>\n\t\t<\/div>\n\t\t[\/vc_tta_section][vc_tta_section i_type=&#8221;typicons&#8221; i_icon_typicons=&#8221;typcn typcn-sort-numerically&#8221; add_icon=&#8221;true&#8221; title=&#8221;Co oznacza 20\/2?&#8221; tab_id=&#8221;1697804978200-04b5bc62-837b&#8221;]\t\t<div id=\"wd-675b00611720f\" class=\"wd-text-block wd-wpb reset-last-child wd-rs-675b00611720f text-left \">\n\t\t\t<p>Oznaczenie \u201e20\/2\u201d na gwintach odnosi si\u0119 do ich grubo\u015bci. Co to dok\u0142adnie znaczy?<\/p>\n<p>Pierwsza liczba (w tym przypadku 20) <strong>wskazuje grubo\u015b\u0107 nici.<\/strong> Liczba ta wskazuje liczb\u0119 metr\u00f3w na gram prz\u0119dzy. Im jest ona wy\u017csza, tym cie\u0144sza jest ni\u0107. W tym przypadku chodzi o ni\u0107 \u015bredniej grubo\u015bci \u2013 idealn\u0105 do szycia, haftowania, a nawet koronkarstwa.<\/p>\n<p>Druga liczba wskazuje <strong>liczb\u0119 pasm skr\u0119conych razem, tworz\u0105c ni\u0107<\/strong>. W tym przypadku \u201e2\u201d oznacza, \u017ce dwie pojedyncze \u017cy\u0142y s\u0105 skr\u0119cone razem, tworz\u0105c ko\u0144cow\u0105 ni\u0107.<\/p>\n<blockquote><p>\nZatem \u201e20\/2\u201d oznacza grub\u0105 mulin\u0119 jedwabn\u0105 z\u0142o\u017con\u0105 z dw\u00f3ch pojedynczych nitek, z kt\u00f3rych ka\u017cdy gram to 20 metr\u00f3w nici.\n<\/p><\/blockquote>\n\t\t<\/div>\n\t\t[\/vc_tta_section][vc_tta_section i_type=&#8221;entypo&#8221; i_icon_entypo=&#8221;entypo-icon entypo-icon-alert&#8221; add_icon=&#8221;true&#8221; title=&#8221;Dlaczego jedwab jest wytrzyma\u0142y?&#8221; tab_id=&#8221;1707587258063-ba17273e-4919&#8243;]\t\t<div id=\"wd-675b0084c64a5\" class=\"wd-text-block wd-wpb reset-last-child wd-rs-675b0084c64a5 text-left \">\n\t\t\t<p>Jedwab jest jednym z najstarszych znanych materia\u0142\u00f3w tekstylnych, kt\u00f3rego historia si\u0119ga tysi\u0119cy lat.<\/p>\n<blockquote><p>\nPomimo delikatnego wygl\u0105du nici jedwabne wykazuj\u0105 niezwyk\u0142\u0105 trwa\u0142o\u015b\u0107, a kluczem do tej odporno\u015bci jest sk\u0142ad chemiczny jedwabiu, sk\u0142adaj\u0105cy si\u0119 g\u0142\u00f3wnie z bia\u0142ek, zw\u0142aszcza serycyny i fibroiny.\n<\/p><\/blockquote>\n<p>Fibroina nadaje niciom jedwabnym wyj\u0105tkow\u0105 wytrzyma\u0142o\u015b\u0107, posiada zdolno\u015b\u0107 poch\u0142aniania znacznych ilo\u015bci wody, <strong>czyni\u0105c nici elastycznymi i odpornymi na gnicie<\/strong>. Co wi\u0119cej, w\u0142\u00f3kna jedwabiu wykazuj\u0105 odporno\u015b\u0107 na promieniowanie UV, dzi\u0119ki czemu ich wytrzyma\u0142o\u015b\u0107 pozostaje nienaruszona nawet przy intensywnym nas\u0142onecznieniu.<\/p>\n<p>To <strong>unikalne po\u0142\u0105czenie cech przyczynia si\u0119 do zachowania koloru barwionych nici jedwabnych<\/strong>, czyni\u0105c jedwab idealnym materia\u0142em nie tylko do produkcji odzie\u017cy, ale tak\u017ce do r\u00f3\u017cnorodnych zastosowa\u0144, takich jak szycie po\u015bcieli czy wyposa\u017cenia wn\u0119trz.<\/p>\n<p>Mulina jedwabna, znana z lekko\u015bci i delikatno\u015bci w dotyku, zyska\u0142a popularno\u015b\u0107 w bran\u017cy modowej. <strong>Niezwyk\u0142a trwa\u0142o\u015b\u0107 jedwabiu<\/strong> pozwala na d\u0142ugotrwa\u0142e u\u017cytkowanie przy zachowaniu jego oryginalnego i eleganckiego wygl\u0105du przez lata.<\/p>\n\t\t<\/div>\n\t\t[\/vc_tta_section][vc_tta_section i_icon_fontawesome=&#8221;fas fa-history&#8221; add_icon=&#8221;true&#8221; title=&#8221;Jedwab w Europie?&#8221; tab_id=&#8221;1707843840929-2277587b-efc1&#8243;]\t\t<div id=\"wd-65cdeda83f566\" class=\"wd-text-block wd-wpb reset-last-child wd-rs-65cdeda83f566 text-left \">\n\t\t\t<p>Jedwab odby\u0142 d\u0142ug\u0105 podr\u00f3\u017c z Chin do Europy i przez 2000 lat Chi\u0144czycy gorliwie strzegli tajemnicy jego produkcji. <strong>Chiny utrzyma\u0142y monopol na jedwab<\/strong>, eksportuj\u0105c t\u0119 upragnion\u0105 tkanin\u0119 do Europy Jedwabnym Szlakiem. Ujawnienie tajemnic produkcji jedwabiu wi\u0105za\u0142o si\u0119 z powa\u017cnymi konsekwencjami, \u0142\u0105cznie z mo\u017cliwo\u015bci\u0105 \u015bmierci.<\/p>\n<blockquote><p>\nW roku 550 dw\u00f3ch mnich\u00f3w potajemnie przetransportowa\u0142o t\u0119 pilnie strze\u017con\u0105 wiedz\u0119 do Bizancjum.\n<\/p><\/blockquote>\n<p>Justynian I, w\u0142adca Bizancjum, po\u017c\u0105da\u0142 chi\u0144skiego jedwabiu i lukratywnych zysk\u00f3w, jakie on zapewnia\u0142. Legenda g\u0142osi, \u017ce mnisi ukryli jaja jedwabnik\u00f3w w bambusowych kijach, sprytnie zamaskowanych jako laski.<\/p>\n<p>Jednak przekazy historyczne podaj\u0105 w w\u0105tpliwo\u015b\u0107 t\u0119 narracj\u0119. Niekt\u00f3re \u017ar\u00f3d\u0142a sugeruj\u0105, \u017ce Bizancjum zajmowa\u0142o si\u0119 hodowl\u0105 jedwabnik\u00f3w ju\u017c wcze\u015bniej,<strong> sugeruj\u0105c istnienie produkcji jedwabiu w Syrii w V wieku naszej ery<\/strong>, a nawet w IV wieku p.n.e. w Grecji.<\/p>\n<p>Bizantyjska produkcja jedwabiu szybko si\u0119 rozwin\u0119\u0142a, a jej tajemnice zosta\u0142y szybko osi\u0105gni\u0119te. Pojawi\u0142y si\u0119 tekstylia ozdobione misternymi wzorami, <strong>przedstawiaj\u0105cymi wszystko, od scen religijnych po fantastyczne stworzenia<\/strong>. Dw\u00f3r cesarski aktywnie wspiera\u0142 t\u0119 bran\u017c\u0119 zlecaj\u0105c ekskluzywne projekty.<\/p>\n<p>Bizantyjskie jedwabie cieszy\u0142y si\u0119 ogromnym urokiem we wczesno\u015bredniowiecznej Europie, zdobywaj\u0105c uznanie, ale tak\u017ce wysok\u0105 cen\u0119. W rezultacie tylko najbogatsi ludzie mogli sobie pozwoli\u0107 na luksus posiadania tych po\u017c\u0105danych tkanin.<\/p>\n\t\t<\/div>\n\t\t[\/vc_tta_section][\/vc_tta_accordion][\/vc_column][vc_column width=&#8221;7\/12&#8243;]\t\t<div id=\"wd-64ea3a02d6cba\" class=\"wd-text-block wd-wpb reset-last-child wd-rs-64ea3a02d6cba text-left \">\n\t\t\t    <div id=\"ac72d458-4a5b-4324-b606-09a05a7c4f44\"><\/div>\n    <script defer src=\"https:\/\/trustmate.io\/api\/widget\/ac72d458-4a5b-4324-b606-09a05a7c4f44\/script?product=39034&#038;language=pl\"><\/script>\n    \n\t\t<\/div>\n\t\t[\/vc_column][\/vc_row]\n<\/div>","protected":false},"excerpt":{"rendered":"<p>Importowana bezpo\u015brednio z Indii <strong>w\u0142\u00f3czka jedwabna 20\/2 CLAUDIA<\/strong>\u00a0jest \u015bwiadectwem trwa\u0142o\u015bci, dzi\u0119ki kt\u00f3rej skomplikowane dzierganie staje si\u0119 bezproblemowe. Wybieraj spo\u015br\u00f3d mn\u00f3stwa zachwycaj\u0105cych kolor\u00f3w, aby doda\u0107 energii swoim kreacjom.<\/p>\n<blockquote><p>Tw\u00f3rz naprawd\u0119 wyj\u0105tkowe projekty, podkre\u015blaj\u0105c je odrobin\u0105 subtelno\u015bci i luksusowego po\u0142ysku. Dla tych, kt\u00f3rzy ceni\u0105 sobie wyj\u0105tkow\u0105 jako\u015b\u0107 i wygod\u0119, ta w\u0142\u00f3czka jest idealnym wyborem.<\/p><\/blockquote>\n<p>Mo\u017cesz spa\u0107 spokojnie, wiedz\u0105c, \u017ce jedwabna mulina posiada <strong>certyfikat Silk Mark India<\/strong>, co gwarantuje autentyczno\u015b\u0107 czystego jedwabiu w ka\u017cdym oferowanym przez nas motku. Wraz z zakupem du\u017cego motka taki certyfikat otrzymasz w swoje r\u0119ce.<\/p>\n<style data-type=\"vc_shortcodes-custom-css\">@media (max-width: 767px) {#wd-65d35671d308c .info-box-title{line-height:24px;font-size:14px;}#wd-65d356bde397a .info-box-title{line-height:24px;font-size:14px;}#wd-65d357080834a .info-box-title{line-height:24px;font-size:14px;}#wd-65d356f712bd7 .info-box-title{line-height:24px;font-size:14px;}}<\/style>[vc_row][vc_column width=\"1\/4\" offset=\"vc_hidden-sm vc_hidden-xs\" woodmart_css_id=\"658b0d85c2a04\" parallax_scroll=\"no\" woodmart_sticky_column=\"false\" wd_collapsible_content_switcher=\"no\" wd_column_role_offcanvas_desktop=\"no\" wd_column_role_offcanvas_tablet=\"no\" wd_column_role_offcanvas_mobile=\"no\" wd_column_role_content_desktop=\"no\" wd_column_role_content_tablet=\"no\" wd_column_role_content_mobile=\"no\" mobile_bg_img_hidden=\"no\" tablet_bg_img_hidden=\"no\" woodmart_parallax=\"0\" woodmart_box_shadow=\"no\" responsive_spacing=\"eyJwYXJhbV90eXBlIjoid29vZG1hcnRfcmVzcG9uc2l2ZV9zcGFjaW5nIiwic2VsZWN0b3JfaWQiOiI2NThiMGQ4NWMyYTA0Iiwic2hvcnRjb2RlIjoidmNfY29sdW1uIiwiZGF0YSI6eyJ0YWJsZXQiOnt9LCJtb2JpbGUiOnt9fX0=\" mobile_reset_margin=\"no\" tablet_reset_margin=\"no\" wd_z_index=\"no\"]\t\t\t<div class=\"info-box-wrapper\">\n\t\t\t\t<div id=\"wd-65d3565ce4208\" class=\" wd-rs-65d3565ce4208 wd-info-box wd-wpb text-center box-icon-align-top box-style- color-scheme- wd-bg-none \">\n\t\t\t\t\t\t\t\t\t\t\t<div class=\"box-icon-wrapper  box-with-icon box-icon-with-border\">\n\t\t\t\t\t\t\t<div class=\"info-box-icon\">\n\n\t\t\t\t\t\t\t\n\t\t\t\t\t\t\t\t\t\t\t\t\t\t\t\t\t<img width=\"55\" height=\"55\" src=\"https:\/\/www.woolsome.shop\/wp-content\/uploads\/2024\/02\/silk-cocoon_28498281-55x55.png\" class=\"attachment-55x55 size-55x55\" alt=\"\" decoding=\"async\" srcset=\"https:\/\/www.woolsome.shop\/wp-content\/uploads\/2024\/02\/silk-cocoon_28498281-55x55.png 55w, https:\/\/www.woolsome.shop\/wp-content\/uploads\/2024\/02\/silk-cocoon_28498281.png 112w\" sizes=\"(max-width: 55px) 100vw, 55px\" \/>\t\t\t\t\t\t\t\t\t\t\t\t\t\t\t\n\t\t\t\t\t\t\t<\/div>\n\t\t\t\t\t\t<\/div>\n\t\t\t\t\t\t\t\t\t\t<div class=\"info-box-content\">\n\t\t\t\t\t\t<h4 class=\"info-box-title title box-title-style-default wd-fontsize-s\">100% jedwab<\/h4>\t\t\t\t\t\t<div class=\"info-box-inner set-cont-mb-s reset-last-child\"><\/div>\n\n\t\t\t\t\t\t\t\t\t\t\t<\/div>\n\n\t\t\t\t\t\n\t\t\t\t\t\t\t\t\t<\/div>\n\t\t\t<\/div>\n\t\t[\/vc_column][vc_column width=\"1\/4\" offset=\"vc_hidden-sm vc_hidden-xs\" woodmart_css_id=\"658b0d8da8f8f\" parallax_scroll=\"no\" woodmart_sticky_column=\"false\" wd_collapsible_content_switcher=\"no\" wd_column_role_offcanvas_desktop=\"no\" wd_column_role_offcanvas_tablet=\"no\" wd_column_role_offcanvas_mobile=\"no\" wd_column_role_content_desktop=\"no\" wd_column_role_content_tablet=\"no\" wd_column_role_content_mobile=\"no\" mobile_bg_img_hidden=\"no\" tablet_bg_img_hidden=\"no\" woodmart_parallax=\"0\" woodmart_box_shadow=\"no\" responsive_spacing=\"eyJwYXJhbV90eXBlIjoid29vZG1hcnRfcmVzcG9uc2l2ZV9zcGFjaW5nIiwic2VsZWN0b3JfaWQiOiI2NThiMGQ4ZGE4ZjhmIiwic2hvcnRjb2RlIjoidmNfY29sdW1uIiwiZGF0YSI6eyJ0YWJsZXQiOnt9LCJtb2JpbGUiOnt9fX0=\" mobile_reset_margin=\"no\" tablet_reset_margin=\"no\" wd_z_index=\"no\"]\t\t\t<div class=\"info-box-wrapper\">\n\t\t\t\t<div id=\"wd-65d35682618b2\" class=\" wd-rs-65d35682618b2 wd-info-box wd-wpb text-center box-icon-align-top box-style- color-scheme- wd-bg-none \">\n\t\t\t\t\t\t\t\t\t\t\t<div class=\"box-icon-wrapper  box-with-icon box-icon-with-border\">\n\t\t\t\t\t\t\t<div class=\"info-box-icon\">\n\n\t\t\t\t\t\t\t\n\t\t\t\t\t\t\t\t\t\t\t\t\t\t\t\t\t<img width=\"55\" height=\"55\" src=\"https:\/\/www.woolsome.shop\/wp-content\/uploads\/2023\/12\/ikon1_naturalne-wlokna-75px-55x55.png\" class=\"attachment-55x55 size-55x55\" alt=\"\" decoding=\"async\" srcset=\"https:\/\/www.woolsome.shop\/wp-content\/uploads\/2023\/12\/ikon1_naturalne-wlokna-75px-55x55.png 55w, https:\/\/www.woolsome.shop\/wp-content\/uploads\/2023\/12\/ikon1_naturalne-wlokna-75px-75x75.png 75w, https:\/\/www.woolsome.shop\/wp-content\/uploads\/2023\/12\/ikon1_naturalne-wlokna-75px.png 112w\" sizes=\"(max-width: 55px) 100vw, 55px\" \/>\t\t\t\t\t\t\t\t\t\t\t\t\t\t\t\n\t\t\t\t\t\t\t<\/div>\n\t\t\t\t\t\t<\/div>\n\t\t\t\t\t\t\t\t\t\t<div class=\"info-box-content\">\n\t\t\t\t\t\t<h4 class=\"info-box-title title box-title-style-default wd-fontsize-s\">Naturalne w\u0142\u00f3kna<\/h4>\t\t\t\t\t\t<div class=\"info-box-inner set-cont-mb-s reset-last-child\"><\/div>\n\n\t\t\t\t\t\t\t\t\t\t\t<\/div>\n\n\t\t\t\t\t\n\t\t\t\t\t\t\t\t\t<\/div>\n\t\t\t<\/div>\n\t\t[\/vc_column][vc_column width=\"1\/4\" offset=\"vc_hidden-sm vc_hidden-xs\" woodmart_css_id=\"658b0d958ff5d\" parallax_scroll=\"no\" woodmart_sticky_column=\"false\" wd_collapsible_content_switcher=\"no\" wd_column_role_offcanvas_desktop=\"no\" wd_column_role_offcanvas_tablet=\"no\" wd_column_role_offcanvas_mobile=\"no\" wd_column_role_content_desktop=\"no\" wd_column_role_content_tablet=\"no\" wd_column_role_content_mobile=\"no\" mobile_bg_img_hidden=\"no\" tablet_bg_img_hidden=\"no\" woodmart_parallax=\"0\" woodmart_box_shadow=\"no\" responsive_spacing=\"eyJwYXJhbV90eXBlIjoid29vZG1hcnRfcmVzcG9uc2l2ZV9zcGFjaW5nIiwic2VsZWN0b3JfaWQiOiI2NThiMGQ5NThmZjVkIiwic2hvcnRjb2RlIjoidmNfY29sdW1uIiwiZGF0YSI6eyJ0YWJsZXQiOnt9LCJtb2JpbGUiOnt9fX0=\" mobile_reset_margin=\"no\" tablet_reset_margin=\"no\" wd_z_index=\"no\"]\t\t\t<div class=\"info-box-wrapper\">\n\t\t\t\t<div id=\"wd-65d356a140d29\" class=\" wd-rs-65d356a140d29 wd-info-box wd-wpb text-center box-icon-align-top box-style- color-scheme- wd-bg-none \">\n\t\t\t\t\t\t\t\t\t\t\t<div class=\"box-icon-wrapper  box-with-icon box-icon-with-border\">\n\t\t\t\t\t\t\t<div class=\"info-box-icon\">\n\n\t\t\t\t\t\t\t\n\t\t\t\t\t\t\t\t\t\t\t\t\t\t\t\t\t<img width=\"55\" height=\"55\" src=\"https:\/\/www.woolsome.shop\/wp-content\/uploads\/2023\/12\/ikon2_wysylka-75px-55x55.png\" class=\"attachment-55x55 size-55x55\" alt=\"\" decoding=\"async\" srcset=\"https:\/\/www.woolsome.shop\/wp-content\/uploads\/2023\/12\/ikon2_wysylka-75px-55x55.png 55w, https:\/\/www.woolsome.shop\/wp-content\/uploads\/2023\/12\/ikon2_wysylka-75px-75x75.png 75w, https:\/\/www.woolsome.shop\/wp-content\/uploads\/2023\/12\/ikon2_wysylka-75px.png 112w\" sizes=\"(max-width: 55px) 100vw, 55px\" \/>\t\t\t\t\t\t\t\t\t\t\t\t\t\t\t\n\t\t\t\t\t\t\t<\/div>\n\t\t\t\t\t\t<\/div>\n\t\t\t\t\t\t\t\t\t\t<div class=\"info-box-content\">\n\t\t\t\t\t\t<h4 class=\"info-box-title title box-title-style-default wd-fontsize-s\">Wysy\u0142ka na ca\u0142y \u015bwiat<\/h4>\t\t\t\t\t\t<div class=\"info-box-inner set-cont-mb-s reset-last-child\"><\/div>\n\n\t\t\t\t\t\t\t\t\t\t\t<\/div>\n\n\t\t\t\t\t\n\t\t\t\t\t\t\t\t\t<\/div>\n\t\t\t<\/div>\n\t\t[\/vc_column][vc_column width=\"1\/4\" offset=\"vc_hidden-sm vc_hidden-xs\" woodmart_css_id=\"658b0d9e5cfa2\" parallax_scroll=\"no\" woodmart_sticky_column=\"false\" wd_collapsible_content_switcher=\"no\" wd_column_role_offcanvas_desktop=\"no\" wd_column_role_offcanvas_tablet=\"no\" wd_column_role_offcanvas_mobile=\"no\" wd_column_role_content_desktop=\"no\" wd_column_role_content_tablet=\"no\" wd_column_role_content_mobile=\"no\" mobile_bg_img_hidden=\"no\" tablet_bg_img_hidden=\"no\" woodmart_parallax=\"0\" woodmart_box_shadow=\"no\" responsive_spacing=\"eyJwYXJhbV90eXBlIjoid29vZG1hcnRfcmVzcG9uc2l2ZV9zcGFjaW5nIiwic2VsZWN0b3JfaWQiOiI2NThiMGQ5ZTVjZmEyIiwic2hvcnRjb2RlIjoidmNfY29sdW1uIiwiZGF0YSI6eyJ0YWJsZXQiOnt9LCJtb2JpbGUiOnt9fX0=\" mobile_reset_margin=\"no\" tablet_reset_margin=\"no\" wd_z_index=\"no\"]\t\t\t<div class=\"info-box-wrapper\">\n\t\t\t\t<div id=\"wd-65d356e9cdecb\" class=\" wd-rs-65d356e9cdecb wd-info-box wd-wpb text-center box-icon-align-top box-style- color-scheme- wd-bg-none \">\n\t\t\t\t\t\t\t\t\t\t\t<div class=\"box-icon-wrapper  box-with-icon box-icon-with-border\">\n\t\t\t\t\t\t\t<div class=\"info-box-icon\">\n\n\t\t\t\t\t\t\t\n\t\t\t\t\t\t\t\t\t\t\t\t\t\t\t\t\t<img width=\"55\" height=\"55\" src=\"https:\/\/www.woolsome.shop\/wp-content\/uploads\/2023\/12\/ikon6_professional-75px-55x55.png\" class=\"attachment-55x55 size-55x55\" alt=\"\" decoding=\"async\" srcset=\"https:\/\/www.woolsome.shop\/wp-content\/uploads\/2023\/12\/ikon6_professional-75px-55x55.png 55w, https:\/\/www.woolsome.shop\/wp-content\/uploads\/2023\/12\/ikon6_professional-75px-75x75.png 75w, https:\/\/www.woolsome.shop\/wp-content\/uploads\/2023\/12\/ikon6_professional-75px.png 112w\" sizes=\"(max-width: 55px) 100vw, 55px\" \/>\t\t\t\t\t\t\t\t\t\t\t\t\t\t\t\n\t\t\t\t\t\t\t<\/div>\n\t\t\t\t\t\t<\/div>\n\t\t\t\t\t\t\t\t\t\t<div class=\"info-box-content\">\n\t\t\t\t\t\t<h4 class=\"info-box-title title box-title-style-default wd-fontsize-s\">Profesjonalna obs\u0142uga <\/h4>\t\t\t\t\t\t<div class=\"info-box-inner set-cont-mb-s reset-last-child\"><\/div>\n\n\t\t\t\t\t\t\t\t\t\t\t<\/div>\n\n\t\t\t\t\t\n\t\t\t\t\t\t\t\t\t<\/div>\n\t\t\t<\/div>\n\t\t[\/vc_column][\/vc_row][vc_row][vc_column width=\"1\/2\" offset=\"vc_hidden-lg vc_hidden-md vc_col-xs-6\" woodmart_css_id=\"658b0d6d8ae83\" parallax_scroll=\"no\" woodmart_sticky_column=\"false\" wd_collapsible_content_switcher=\"no\" wd_column_role_offcanvas_desktop=\"no\" wd_column_role_offcanvas_tablet=\"no\" wd_column_role_offcanvas_mobile=\"no\" wd_column_role_content_desktop=\"no\" wd_column_role_content_tablet=\"no\" wd_column_role_content_mobile=\"no\" mobile_bg_img_hidden=\"no\" tablet_bg_img_hidden=\"no\" woodmart_parallax=\"0\" woodmart_box_shadow=\"no\" responsive_spacing=\"eyJwYXJhbV90eXBlIjoid29vZG1hcnRfcmVzcG9uc2l2ZV9zcGFjaW5nIiwic2VsZWN0b3JfaWQiOiI2NThiMGQ2ZDhhZTgzIiwic2hvcnRjb2RlIjoidmNfY29sdW1uIiwiZGF0YSI6eyJ0YWJsZXQiOnt9LCJtb2JpbGUiOnt9fX0=\" mobile_reset_margin=\"no\" tablet_reset_margin=\"no\" wd_z_index=\"no\"]\t\t\t<div class=\"info-box-wrapper\">\n\t\t\t\t<div id=\"wd-65d35671d308c\" class=\" wd-rs-65d35671d308c wd-info-box wd-wpb text-center box-icon-align-top box-style- color-scheme- wd-bg-none \">\n\t\t\t\t\t\t\t\t\t\t\t<div class=\"box-icon-wrapper  box-with-icon box-icon-with-border\">\n\t\t\t\t\t\t\t<div class=\"info-box-icon\">\n\n\t\t\t\t\t\t\t\n\t\t\t\t\t\t\t\t\t\t\t\t\t\t\t\t\t<img width=\"55\" height=\"55\" src=\"https:\/\/www.woolsome.shop\/wp-content\/uploads\/2024\/02\/silk-cocoon_28498281-55x55.png\" class=\"attachment-55x55 size-55x55\" alt=\"\" decoding=\"async\" srcset=\"https:\/\/www.woolsome.shop\/wp-content\/uploads\/2024\/02\/silk-cocoon_28498281-55x55.png 55w, https:\/\/www.woolsome.shop\/wp-content\/uploads\/2024\/02\/silk-cocoon_28498281.png 112w\" sizes=\"(max-width: 55px) 100vw, 55px\" \/>\t\t\t\t\t\t\t\t\t\t\t\t\t\t\t\n\t\t\t\t\t\t\t<\/div>\n\t\t\t\t\t\t<\/div>\n\t\t\t\t\t\t\t\t\t\t<div class=\"info-box-content\">\n\t\t\t\t\t\t<h4 class=\"info-box-title title box-title-style-default wd-fontsize-m\">100% jedwab<\/h4>\t\t\t\t\t\t<div class=\"info-box-inner set-cont-mb-s reset-last-child\"><\/div>\n\n\t\t\t\t\t\t\t\t\t\t\t<\/div>\n\n\t\t\t\t\t\n\t\t\t\t\t\t\t\t\t<\/div>\n\t\t\t<\/div>\n\t\t\t\t\t<div class=\"info-box-wrapper\">\n\t\t\t\t<div id=\"wd-65d356bde397a\" class=\" wd-rs-65d356bde397a wd-info-box wd-wpb text-center box-icon-align-top box-style- color-scheme- wd-bg-none \">\n\t\t\t\t\t\t\t\t\t\t\t<div class=\"box-icon-wrapper  box-with-icon box-icon-with-border\">\n\t\t\t\t\t\t\t<div class=\"info-box-icon\">\n\n\t\t\t\t\t\t\t\n\t\t\t\t\t\t\t\t\t\t\t\t\t\t\t\t\t<img width=\"55\" height=\"55\" src=\"https:\/\/www.woolsome.shop\/wp-content\/uploads\/2023\/12\/ikon2_wysylka-75px-55x55.png\" class=\"attachment-55x55 size-55x55\" alt=\"\" decoding=\"async\" srcset=\"https:\/\/www.woolsome.shop\/wp-content\/uploads\/2023\/12\/ikon2_wysylka-75px-55x55.png 55w, https:\/\/www.woolsome.shop\/wp-content\/uploads\/2023\/12\/ikon2_wysylka-75px-75x75.png 75w, https:\/\/www.woolsome.shop\/wp-content\/uploads\/2023\/12\/ikon2_wysylka-75px.png 112w\" sizes=\"(max-width: 55px) 100vw, 55px\" \/>\t\t\t\t\t\t\t\t\t\t\t\t\t\t\t\n\t\t\t\t\t\t\t<\/div>\n\t\t\t\t\t\t<\/div>\n\t\t\t\t\t\t\t\t\t\t<div class=\"info-box-content\">\n\t\t\t\t\t\t<h4 class=\"info-box-title title box-title-style-default wd-fontsize-m\">Wysy\u0142ka na ca\u0142y \u015bwiat<\/h4>\t\t\t\t\t\t<div class=\"info-box-inner set-cont-mb-s reset-last-child\"><\/div>\n\n\t\t\t\t\t\t\t\t\t\t\t<\/div>\n\n\t\t\t\t\t\n\t\t\t\t\t\t\t\t\t<\/div>\n\t\t\t<\/div>\n\t\t[\/vc_column][vc_column width=\"1\/2\" offset=\"vc_hidden-lg vc_hidden-md vc_col-xs-6\" woodmart_css_id=\"658b0d7a943b4\" parallax_scroll=\"no\" woodmart_sticky_column=\"false\" wd_collapsible_content_switcher=\"no\" wd_column_role_offcanvas_desktop=\"no\" wd_column_role_offcanvas_tablet=\"no\" wd_column_role_offcanvas_mobile=\"no\" wd_column_role_content_desktop=\"no\" wd_column_role_content_tablet=\"no\" wd_column_role_content_mobile=\"no\" mobile_bg_img_hidden=\"no\" tablet_bg_img_hidden=\"no\" woodmart_parallax=\"0\" woodmart_box_shadow=\"no\" responsive_spacing=\"eyJwYXJhbV90eXBlIjoid29vZG1hcnRfcmVzcG9uc2l2ZV9zcGFjaW5nIiwic2VsZWN0b3JfaWQiOiI2NThiMGQ3YTk0M2I0Iiwic2hvcnRjb2RlIjoidmNfY29sdW1uIiwiZGF0YSI6eyJ0YWJsZXQiOnt9LCJtb2JpbGUiOnt9fX0=\" mobile_reset_margin=\"no\" tablet_reset_margin=\"no\" wd_z_index=\"no\"]\t\t\t<div class=\"info-box-wrapper\">\n\t\t\t\t<div id=\"wd-65d357080834a\" class=\" wd-rs-65d357080834a wd-info-box wd-wpb text-center box-icon-align-top box-style- color-scheme- wd-bg-none \">\n\t\t\t\t\t\t\t\t\t\t\t<div class=\"box-icon-wrapper  box-with-icon box-icon-with-border\">\n\t\t\t\t\t\t\t<div class=\"info-box-icon\">\n\n\t\t\t\t\t\t\t\n\t\t\t\t\t\t\t\t\t\t\t\t\t\t\t\t\t<img width=\"55\" height=\"55\" src=\"https:\/\/www.woolsome.shop\/wp-content\/uploads\/2023\/12\/ikon1_naturalne-wlokna-75px-55x55.png\" class=\"attachment-55x55 size-55x55\" alt=\"\" decoding=\"async\" srcset=\"https:\/\/www.woolsome.shop\/wp-content\/uploads\/2023\/12\/ikon1_naturalne-wlokna-75px-55x55.png 55w, https:\/\/www.woolsome.shop\/wp-content\/uploads\/2023\/12\/ikon1_naturalne-wlokna-75px-75x75.png 75w, https:\/\/www.woolsome.shop\/wp-content\/uploads\/2023\/12\/ikon1_naturalne-wlokna-75px.png 112w\" sizes=\"(max-width: 55px) 100vw, 55px\" \/>\t\t\t\t\t\t\t\t\t\t\t\t\t\t\t\n\t\t\t\t\t\t\t<\/div>\n\t\t\t\t\t\t<\/div>\n\t\t\t\t\t\t\t\t\t\t<div class=\"info-box-content\">\n\t\t\t\t\t\t<h4 class=\"info-box-title title box-title-style-default wd-fontsize-m\">Naturalne w\u0142\u00f3kna<\/h4>\t\t\t\t\t\t<div class=\"info-box-inner set-cont-mb-s reset-last-child\"><\/div>\n\n\t\t\t\t\t\t\t\t\t\t\t<\/div>\n\n\t\t\t\t\t\n\t\t\t\t\t\t\t\t\t<\/div>\n\t\t\t<\/div>\n\t\t\t\t\t<div class=\"info-box-wrapper\">\n\t\t\t\t<div id=\"wd-65d356f712bd7\" class=\" wd-rs-65d356f712bd7 wd-info-box wd-wpb text-center box-icon-align-top box-style- color-scheme- wd-bg-none \">\n\t\t\t\t\t\t\t\t\t\t\t<div class=\"box-icon-wrapper  box-with-icon box-icon-with-border\">\n\t\t\t\t\t\t\t<div class=\"info-box-icon\">\n\n\t\t\t\t\t\t\t\n\t\t\t\t\t\t\t\t\t\t\t\t\t\t\t\t\t<img width=\"55\" height=\"55\" src=\"https:\/\/www.woolsome.shop\/wp-content\/uploads\/2023\/12\/ikon6_professional-75px-55x55.png\" class=\"attachment-55x55 size-55x55\" alt=\"\" decoding=\"async\" srcset=\"https:\/\/www.woolsome.shop\/wp-content\/uploads\/2023\/12\/ikon6_professional-75px-55x55.png 55w, https:\/\/www.woolsome.shop\/wp-content\/uploads\/2023\/12\/ikon6_professional-75px-75x75.png 75w, https:\/\/www.woolsome.shop\/wp-content\/uploads\/2023\/12\/ikon6_professional-75px.png 112w\" sizes=\"(max-width: 55px) 100vw, 55px\" \/>\t\t\t\t\t\t\t\t\t\t\t\t\t\t\t\n\t\t\t\t\t\t\t<\/div>\n\t\t\t\t\t\t<\/div>\n\t\t\t\t\t\t\t\t\t\t<div class=\"info-box-content\">\n\t\t\t\t\t\t<h4 class=\"info-box-title title box-title-style-default wd-fontsize-m\">Profesjonalna obs\u0142uga<\/h4>\t\t\t\t\t\t<div class=\"info-box-inner set-cont-mb-s reset-last-child\"><\/div>\n\n\t\t\t\t\t\t\t\t\t\t\t<\/div>\n\n\t\t\t\t\t\n\t\t\t\t\t\t\t\t\t<\/div>\n\t\t\t<\/div>\n\t\t[\/vc_column][\/vc_row]\n","protected":false},"featured_media":39290,"template":"","meta":{"_acf_changed":false},"product_cat":[263,278],"product_tag":[],"woo-feed-brand":[],"class_list":{"0":"post-39034","1":"product","2":"type-product","3":"status-publish","4":"has-post-thumbnail","6":"product_cat-nici-wloczki","7":"product_cat-nici-jedwabne-przedza-do-tkania","8":"pa_colour-number-colour-02-pl","9":"pa_colour-number-colour-04-pl","10":"pa_colour-number-colour-09-pl","11":"pa_colour-number-colour-13-pl","12":"pa_colour-number-colour-14-pl","13":"pa_colour-number-colour-15-pl","14":"pa_colour-number-colour-16-pl","15":"pa_colour-number-colour-18-2-pl","16":"pa_colour-number-colour-29-pl","17":"pa_colour-number-colour-31-pl","18":"pa_colour-number-colour-32-pl","19":"pa_colour-number-colour-35-pl","20":"pa_colour-number-colour-38-pl","21":"pa_colour-number-colour-39-pl","22":"pa_colour-number-colour-41-pl","23":"pa_colour-number-colour-47-pl","24":"pa_colour-number-colour-50-pl","25":"pa_colour-number-colour-59-pl","26":"pa_colour-number-colour-62-pl","27":"pa_colour-number-colour-66-pl","28":"pa_colour-number-colour-68-pl","29":"pa_colour-number-colour-69-pl","30":"pa_colour-number-colour-70-pl","31":"pa_colour-number-colour-72-pl","32":"pa_colour-number-colour-92-pl","33":"pa_colour-number-colour-93-pl","35":"first","36":"instock","37":"featured","38":"taxable","39":"shipping-taxable","40":"purchasable","41":"product-type-variable"},"acf":[],"_links":{"self":[{"href":"https:\/\/www.woolsome.shop\/pl\/wp-json\/wp\/v2\/product\/39034","targetHints":{"allow":["GET"]}}],"collection":[{"href":"https:\/\/www.woolsome.shop\/pl\/wp-json\/wp\/v2\/product"}],"about":[{"href":"https:\/\/www.woolsome.shop\/pl\/wp-json\/wp\/v2\/types\/product"}],"wp:featuredmedia":[{"embeddable":true,"href":"https:\/\/www.woolsome.shop\/pl\/wp-json\/wp\/v2\/media\/39290"}],"wp:attachment":[{"href":"https:\/\/www.woolsome.shop\/pl\/wp-json\/wp\/v2\/media?parent=39034"}],"wp:term":[{"taxonomy":"product_cat","embeddable":true,"href":"https:\/\/www.woolsome.shop\/pl\/wp-json\/wp\/v2\/product_cat?post=39034"},{"taxonomy":"product_tag","embeddable":true,"href":"https:\/\/www.woolsome.shop\/pl\/wp-json\/wp\/v2\/product_tag?post=39034"},{"taxonomy":"woo-feed-brand","embeddable":true,"href":"https:\/\/www.woolsome.shop\/pl\/wp-json\/wp\/v2\/woo-feed-brand?post=39034"}],"curies":[{"name":"wp","href":"https:\/\/api.w.org\/{rel}","templated":true}]}}