{"id":22814,"date":"2022-05-21T15:34:47","date_gmt":"2022-05-21T13:34:47","guid":{"rendered":"https:\/\/www.woolsome.shop\/?post_type=product&#038;p=22814"},"modified":"2024-01-03T21:52:52","modified_gmt":"2024-01-03T20:52:52","slug":"welna-rt-srednia-diagonal-bialo-czarna-wmt-0209-01","status":"publish","type":"product","link":"https:\/\/www.woolsome.shop\/pl\/produkt\/welna-rt-srednia-diagonal-bialo-czarna-wmt-0209-01\/","title":{"rendered":"We\u0142na RT \u015arednia Diagonal &#8211; Bia\u0142o Czarna &#8211; WMT 0209\/01"},"content":{"rendered":"<div class=\"wpb-content-wrapper\">[vc_row][vc_column width=\"5\/12\"][vc_tta_accordion c_icon=\"chevron\" active_section=\"1\"][vc_tta_section i_icon_fontawesome=\"fas fa-paw\" add_icon=\"true\" title=\"Dlaczego we\u0142na z recyklingu?\" tab_id=\"1687119861760-384e532c-0ebe\"]\t\t<div id=\"wd-66c9ca6d5d5f8\" class=\"wd-text-block wd-wpb reset-last-child wd-rs-66c9ca6d5d5f8 text-left \">\n\t\t\t<p>We\u0142na z recyklingu ma wiele zalet, zar\u00f3wno pod wzgl\u0119dem ekologicznym, jak i praktycznym:<\/p>\n<ol>\n<li><strong>Ochrona \u015brodowiska<\/strong>: korzystanie z we\u0142ny z recyklingu zmniejsza zapotrzebowanie na now\u0105 we\u0142n\u0119, co przyczynia si\u0119 do ograniczenia zu\u017cycia zasob\u00f3w naturalnych, takich jak woda i energia, oraz zmniejszenia emisji gaz\u00f3w cieplarnianych zwi\u0105zanych z hodowl\u0105 owiec.<\/li>\n<li><strong>Redukcja odpad\u00f3w<\/strong>: proces recyklingu we\u0142ny pozwala na ponowne wykorzystanie odpad\u00f3w tekstylnych, kt\u00f3re w przeciwnym razie mog\u0142yby trafi\u0107 na wysypiska \u015bmieci. Dzi\u0119ki temu zmniejsza si\u0119 ilo\u015b\u0107 odpad\u00f3w i wp\u0142yw na \u015brodowisko.<\/li>\n<li><strong>Zachowanie jako\u015bci<\/strong>: we\u0142na z recyklingu cz\u0119sto zachowuje wiele ze swoich naturalnych w\u0142a\u015bciwo\u015bci, takich jak zdolno\u015b\u0107 do izolacji, oddychalno\u015b\u0107 oraz odporno\u015b\u0107 na zapachy. Wysokiej jako\u015bci prz\u0119dze we\u0142niane mog\u0105 by\u0107 recyklingowane wielokrotnie bez znacznego pogorszenia w\u0142a\u015bciwo\u015bci materia\u0142u.<\/li>\n<li><strong>Ekonomia obiegu zamkni\u0119tego<\/strong>: promowanie u\u017cywania we\u0142ny z recyklingu wpisuje si\u0119 w model gospodarki o obiegu zamkni\u0119tym, w kt\u00f3rym materia\u0142y s\u0105 wielokrotnie wykorzystywane, minimalizuj\u0105c tym samym odpady i potrzeb\u0119 wydobycia surowc\u00f3w.<\/li>\n<li><strong>Zr\u00f3wnowa\u017cona moda<\/strong>: u\u017cycie we\u0142ny z recyklingu wspiera zr\u00f3wnowa\u017con\u0105 mod\u0119, co jest coraz bardziej doceniane przez \u015bwiadomych konsument\u00f3w. Produkty wykonane z recyklingowanej we\u0142ny s\u0105 cz\u0119sto postrzegane jako bardziej etyczne i przyjazne dla planety.<\/li>\n<\/ol>\n<p>We\u0142na z recyklingu to zatem <strong>doskona\u0142y wyb\u00f3r dla os\u00f3b poszukuj\u0105cych ekologicznych i zr\u00f3wnowa\u017conych materia\u0142\u00f3w<\/strong>, kt\u00f3re jednocze\u015bnie zachowuj\u0105 wysok\u0105 jako\u015b\u0107 i funkcjonalno\u015b\u0107.<\/p>\n\t\t<\/div>\n\t\t[\/vc_tta_section][vc_tta_section i_icon_fontawesome=\"far fa-hand-point-right\" add_icon=\"true\" title=\"\u015arednio-gruba we\u0142na - zastosowanie\" tab_id=\"1687119861800-43621f6c-3855\"]\t\t<div id=\"wd-66c9cc6514a3e\" class=\"wd-text-block wd-wpb reset-last-child wd-rs-66c9cc6514a3e text-left \">\n\t\t\t<p><strong>\u015arednio gruba tkanina we\u0142niana<\/strong> jest wszechstronnym materia\u0142em, kt\u00f3ry mo\u017cna wykorzysta\u0107 do r\u00f3\u017cnych projekt\u00f3w zar\u00f3wno odzie\u017cowych, jak i dekoracyjnych. Oto kilka popularnych zastosowa\u0144:<\/p>\n<ol>\n<li><strong>Marynarki i p\u0142aszcze<\/strong>: \u015brednio gruba we\u0142na doskonale nadaje si\u0119 na ciep\u0142e, ale niezbyt ci\u0119\u017ckie marynarki i p\u0142aszcze, kt\u00f3re mo\u017cna nosi\u0107 w ch\u0142odniejsze dni.<\/li>\n<li><strong>Koce i narzuty<\/strong>: mo\u017cna j\u0105 u\u017cy\u0107 do tworzenia mi\u0119kkich i przytulnych koc\u00f3w lub narzut, kt\u00f3re b\u0119d\u0105 idealne na zimowe wieczory.<\/li>\n<li><strong>Poduszki dekoracyjne<\/strong>: mo\u017cna j\u0105 wykorzysta\u0107 do zrobienia poszewek na poduszki, kt\u00f3re dodadz\u0105 wn\u0119trzu ciep\u0142a i tekstury.<\/li>\n<li><strong>Odzie\u017c dzieci\u0119ca<\/strong>: dzi\u0119ki mi\u0119kko\u015bci i naturalnym w\u0142a\u015bciwo\u015bciom we\u0142ny, \u015brednio gruba we\u0142na jest idealna do szycia ubra\u0144 dla dzieci, takich jak sweterki, kamizelki czy kombinezony.<\/li>\n<li><strong>Elementy wystroju wn\u0119trz<\/strong>: mo\u017ce by\u0107 u\u017cyta do tworzenia kotar, nakry\u0107 i wielu innych element\u00f3w wystroju, kt\u00f3re dodadz\u0105 przytulno\u015bci.<\/li>\n<li><strong>Ubrania do rekonstrukcji historycznych:<\/strong> \u015brednio gruba we\u0142na o splocie sko\u015bnym doskonale nadaje si\u0119 na ubiory \u015bredniowieczne, szczeg\u00f3lnie na wczesno\u015bredniowieczne ubiory s\u0142owia\u0144skie.<\/li>\n<\/ol>\n<p>\u015arednio gruba we\u0142na to <strong>materia\u0142 uniwersalny, kt\u00f3ry sprawdzi si\u0119 w wielu projektach<\/strong> wymagaj\u0105cych ciep\u0142a, mi\u0119kko\u015bci i trwa\u0142o\u015bci.<\/p>\n\t\t<\/div>\n\t\t[\/vc_tta_section][vc_tta_section i_icon_fontawesome=\"fas fa-question\" add_icon=\"true\" title=\"Dlaczego warto kupowa\u0107 tkaniny we\u0142niane?\" tab_id=\"1687121374410-70079135-1c9a\"]\t\t<div id=\"wd-66c9ccb2bf587\" class=\"wd-text-block wd-wpb reset-last-child wd-rs-66c9ccb2bf587 text-left \">\n\t\t\t<p>Istnieje kilka przekonuj\u0105cych powod\u00f3w, by zainwestowa\u0107 w tkaniny we\u0142niane:<\/p>\n<ol>\n<li><strong>Doskona\u0142a izolacja<\/strong>: we\u0142na zapewnia wyj\u0105tkowe ciep\u0142o, co czyni j\u0105 idealnym wyborem na zimne dni.<\/li>\n<li><strong>Regulacja temperatury<\/strong>: przewiewno\u015b\u0107 we\u0142ny pomaga utrzyma\u0107 komfortow\u0105 temperatur\u0119 cia\u0142a w r\u00f3\u017cnych warunkach klimatycznych.<\/li>\n<li><strong>Trwa\u0142o\u015b\u0107<\/strong>: we\u0142na jest mocna i odporna, co zapewnia d\u0142ugotrwa\u0142e u\u017cytkowanie i wytrzyma\u0142o\u015b\u0107.<\/li>\n<li><strong>Skuteczne zarz\u0105dzanie wilgoci\u0105<\/strong>: we\u0142na naturalnie odprowadza wilgo\u0107, dzi\u0119ki czemu utrzymuje sucho\u015b\u0107 i komfort.<\/li>\n<li><strong>Odporno\u015b\u0107 na zapachy<\/strong>: dzi\u0119ki swoim w\u0142a\u015bciwo\u015bciom antybakteryjnym, we\u0142na opiera si\u0119 powstawaniu nieprzyjemnych zapach\u00f3w, nawet przy d\u0142ugotrwa\u0142ym noszeniu.<\/li>\n<li><strong>Zr\u00f3wnowa\u017cony wyb\u00f3r<\/strong>: we\u0142na jest materia\u0142em odnawialnym, biodegradowalnym i przyjaznym dla \u015brodowiska.<\/li>\n<\/ol>\n<p>Wybieraj\u0105c tkaniny we\u0142niane, stawiasz na <strong>komfort, funkcjonalno\u015b\u0107 i zr\u00f3wnowa\u017cony rozw\u00f3j<\/strong>, co czyni je m\u0105dr\u0105 inwestycj\u0105 w jako\u015b\u0107 i ekologiczne \u017cycie.<\/p>\n\t\t<\/div>\n\t\t[\/vc_tta_section][vc_tta_section i_icon_fontawesome=\"fas fa-spider\" add_icon=\"true\" title=\"Czym jest splot sko\u015bny?\" tab_id=\"1687124216530-335e2c50-1ca0\"]\t\t<div id=\"wd-66c9d57c2caba\" class=\"wd-text-block wd-wpb reset-last-child wd-rs-66c9d57c2caba text-left \">\n\t\t\t<p>Wz\u00f3r sko\u015bny to rodzaj splotu tekstylnego\u00a0<strong>charakteryzuj\u0105cy si\u0119 wzorem diagonalnych pr\u0105\u017ck\u00f3w<\/strong>. Ten charakterystyczny wz\u00f3r powstaje w wyniku tkania w\u0105tk\u00f3w nad i pod nitkami osnowy, zazwyczaj w taki spos\u00f3b, jak \u201eponad dwie, pod dwiema\u201d (dla sko\u015bnego splotu 2\/2). Ta metoda powoduje przesuni\u0119cie splotu o dwie nici w ka\u017cdym rz\u0119dzie, co skutkuje liniami diagonalnymi, kt\u00f3re s\u0105 znakiem rozpoznawczym tkaniny sko\u015bnej.<\/p>\n<p>G\u0142\u00f3wne cechy wzor\u00f3w sko\u015bnych obejmuj\u0105:<\/p>\n<ol>\n<li><strong>Diagonalne pr\u0105\u017cki:<\/strong>\u00a0Widoczne linie diagonalne lub pr\u0105\u017cki biegn\u0105ce przez tkanin\u0119.<\/li>\n<li><strong>Trwa\u0142o\u015b\u0107:<\/strong>\u00a0Struktura splotu sko\u015bnego sprawia, \u017ce \u200b\u200btkanina jest mocna i odporna na zu\u017cycie.<\/li>\n<li><strong>Tekstura:<\/strong>\u00a0Tkaniny sko\u015bne cz\u0119sto maj\u0105 mi\u0119kki uk\u0142ad i faktur\u0119, dzi\u0119ki czemu s\u0105 wygodne w noszeniu.<\/li>\n<\/ol>\n<p>Wzory sko\u015bne s\u0105 wszechstronne i powszechnie stosowane w odzie\u017cy, tapicerce i innych zastosowaniach tekstylnych ze wzgl\u0119du na ich wytrzyma\u0142o\u015b\u0107 i atrakcyjn\u0105 faktur\u0119.<\/p>\n\t\t<\/div>\n\t\t[\/vc_tta_section][\/vc_tta_accordion][\/vc_column][vc_column width=\"7\/12\"][vc_column_text text_larger=\"no\"]    <div id=\"ac72d458-4a5b-4324-b606-09a05a7c4f44\"><\/div>\n    <script defer src=\"https:\/\/trustmate.io\/api\/widget\/ac72d458-4a5b-4324-b606-09a05a7c4f44\/script?product=22814&#038;language=pl\"><\/script>\n    [\/vc_column_text][\/vc_column][\/vc_row] <!-- PL - Recycled and hand woven wool description --><\/p>\n<\/div>","protected":false},"excerpt":{"rendered":"<p><p>[vc_row][vc_column][vc_column_text css=\"\" woodmart_inline=\"no\" text_larger=\"no\"]<\/p>\r\n<h2>Wyj\u0105tkowa i ekologiczna \u2013 wykonana w 100% z we\u0142ny pochodz\u0105cej z recyklingu.<\/h2>\r\n<blockquote><p>Odkryj harmoni\u0119 natury i kunsztu w naszej r\u0119cznie tkanej tkaninie.<\/p><\/blockquote>\r\n<p>Ten mi\u0119kki, wytrzyma\u0142y materia\u0142 o splocie diagonalnym 2\/2 urzeka swoim wyrazistym charakterem i faktur\u0105. Tw\u00f3rz w zgodzie z warto\u015bciami ekologicznymi, nie rezygnuj\u0105c z luksusu. R\u0119cznie tkana tkanina we\u0142niana \u2013 dla tych, kt\u00f3rzy ceni\u0105 jako\u015b\u0107 i trosk\u0119 o planet\u0119.[\/vc_column_text][vc_empty_space height=\"16px\" woodmart_hide_large=\"0\" woodmart_hide_medium=\"0\" woodmart_hide_small=\"0\"][\/vc_column][\/vc_row][vc_row][vc_column width=\"1\/4\" offset=\"vc_hidden-sm vc_hidden-xs\" woodmart_css_id=\"658b0d85c2a04\" parallax_scroll=\"no\" woodmart_sticky_column=\"false\" wd_collapsible_content_switcher=\"no\" wd_column_role_offcanvas_desktop=\"no\" wd_column_role_offcanvas_tablet=\"no\" wd_column_role_offcanvas_mobile=\"no\" wd_column_role_content_desktop=\"no\" wd_column_role_content_tablet=\"no\" wd_column_role_content_mobile=\"no\" mobile_bg_img_hidden=\"no\" tablet_bg_img_hidden=\"no\" woodmart_parallax=\"0\" woodmart_box_shadow=\"no\" responsive_spacing=\"eyJwYXJhbV90eXBlIjoid29vZG1hcnRfcmVzcG9uc2l2ZV9zcGFjaW5nIiwic2VsZWN0b3JfaWQiOiI2NThiMGQ4NWMyYTA0Iiwic2hvcnRjb2RlIjoidmNfY29sdW1uIiwiZGF0YSI6eyJ0YWJsZXQiOnt9LCJtb2JpbGUiOnt9fX0=\" mobile_reset_margin=\"no\" tablet_reset_margin=\"no\" wd_z_index=\"no\"]\t\t\t<div class=\"info-box-wrapper\">\n\t\t\t\t<div id=\"wd-66966fea5789b\" class=\" wd-rs-66966fea5789b wd-info-box wd-wpb text-center box-icon-align-top box-style- color-scheme- wd-bg-none \">\n\t\t\t\t\t\t\t\t\t\t\t<div class=\"box-icon-wrapper  box-with-icon box-icon-with-border\">\n\t\t\t\t\t\t\t<div class=\"info-box-icon\">\n\n\t\t\t\t\t\t\t\n\t\t\t\t\t\t\t\t\t\t\t\t\t\t\t\t\t<img width=\"55\" height=\"55\" src=\"https:\/\/www.woolsome.shop\/wp-content\/uploads\/2023\/12\/ikon4_z-recyklingu-75px-55x55.png\" class=\"attachment-55x55 size-55x55\" alt=\"\" decoding=\"async\" srcset=\"https:\/\/www.woolsome.shop\/wp-content\/uploads\/2023\/12\/ikon4_z-recyklingu-75px-55x55.png 55w, https:\/\/www.woolsome.shop\/wp-content\/uploads\/2023\/12\/ikon4_z-recyklingu-75px-75x75.png 75w, https:\/\/www.woolsome.shop\/wp-content\/uploads\/2023\/12\/ikon4_z-recyklingu-75px.png 112w\" sizes=\"(max-width: 55px) 100vw, 55px\" \/>\t\t\t\t\t\t\t\t\t\t\t\t\t\t\t\n\t\t\t\t\t\t\t<\/div>\n\t\t\t\t\t\t<\/div>\n\t\t\t\t\t\t\t\t\t\t<div class=\"info-box-content\">\n\t\t\t\t\t\t<h4 class=\"info-box-title title box-title-style-default wd-fontsize-s\">We\u0142na z recyklingu<\/h4>\t\t\t\t\t\t<div class=\"info-box-inner set-cont-mb-s reset-last-child\"><\/div>\n\n\t\t\t\t\t\t\t\t\t\t\t<\/div>\n\n\t\t\t\t\t\n\t\t\t\t\t\t\t\t\t<\/div>\n\t\t\t<\/div>\n\t\t[\/vc_column][vc_column width=\"1\/4\" offset=\"vc_hidden-sm vc_hidden-xs\" woodmart_css_id=\"658b0d8da8f8f\" parallax_scroll=\"no\" woodmart_sticky_column=\"false\" wd_collapsible_content_switcher=\"no\" wd_column_role_offcanvas_desktop=\"no\" wd_column_role_offcanvas_tablet=\"no\" wd_column_role_offcanvas_mobile=\"no\" wd_column_role_content_desktop=\"no\" wd_column_role_content_tablet=\"no\" wd_column_role_content_mobile=\"no\" mobile_bg_img_hidden=\"no\" tablet_bg_img_hidden=\"no\" woodmart_parallax=\"0\" woodmart_box_shadow=\"no\" responsive_spacing=\"eyJwYXJhbV90eXBlIjoid29vZG1hcnRfcmVzcG9uc2l2ZV9zcGFjaW5nIiwic2VsZWN0b3JfaWQiOiI2NThiMGQ4ZGE4ZjhmIiwic2hvcnRjb2RlIjoidmNfY29sdW1uIiwiZGF0YSI6eyJ0YWJsZXQiOnt9LCJtb2JpbGUiOnt9fX0=\" mobile_reset_margin=\"no\" tablet_reset_margin=\"no\" wd_z_index=\"no\"]\t\t\t<div class=\"info-box-wrapper\">\n\t\t\t\t<div id=\"wd-66966fffe107f\" class=\" wd-rs-66966fffe107f wd-info-box wd-wpb text-center box-icon-align-top box-style- color-scheme- wd-bg-none \">\n\t\t\t\t\t\t\t\t\t\t\t<div class=\"box-icon-wrapper  box-with-icon box-icon-with-border\">\n\t\t\t\t\t\t\t<div class=\"info-box-icon\">\n\n\t\t\t\t\t\t\t\n\t\t\t\t\t\t\t\t\t\t\t\t\t\t\t\t\t<img width=\"55\" height=\"55\" src=\"https:\/\/www.woolsome.shop\/wp-content\/uploads\/2023\/12\/ikon1_naturalne-wlokna-75px-55x55.png\" class=\"attachment-55x55 size-55x55\" alt=\"\" decoding=\"async\" srcset=\"https:\/\/www.woolsome.shop\/wp-content\/uploads\/2023\/12\/ikon1_naturalne-wlokna-75px-55x55.png 55w, https:\/\/www.woolsome.shop\/wp-content\/uploads\/2023\/12\/ikon1_naturalne-wlokna-75px-75x75.png 75w, https:\/\/www.woolsome.shop\/wp-content\/uploads\/2023\/12\/ikon1_naturalne-wlokna-75px.png 112w\" sizes=\"(max-width: 55px) 100vw, 55px\" \/>\t\t\t\t\t\t\t\t\t\t\t\t\t\t\t\n\t\t\t\t\t\t\t<\/div>\n\t\t\t\t\t\t<\/div>\n\t\t\t\t\t\t\t\t\t\t<div class=\"info-box-content\">\n\t\t\t\t\t\t<h4 class=\"info-box-title title box-title-style-default wd-fontsize-s\">Naturalne w\u0142\u00f3kna<\/h4>\t\t\t\t\t\t<div class=\"info-box-inner set-cont-mb-s reset-last-child\"><\/div>\n\n\t\t\t\t\t\t\t\t\t\t\t<\/div>\n\n\t\t\t\t\t\n\t\t\t\t\t\t\t\t\t<\/div>\n\t\t\t<\/div>\n\t\t[\/vc_column][vc_column width=\"1\/4\" offset=\"vc_hidden-sm vc_hidden-xs\" woodmart_css_id=\"658b0d958ff5d\" parallax_scroll=\"no\" woodmart_sticky_column=\"false\" wd_collapsible_content_switcher=\"no\" wd_column_role_offcanvas_desktop=\"no\" wd_column_role_offcanvas_tablet=\"no\" wd_column_role_offcanvas_mobile=\"no\" wd_column_role_content_desktop=\"no\" wd_column_role_content_tablet=\"no\" wd_column_role_content_mobile=\"no\" mobile_bg_img_hidden=\"no\" tablet_bg_img_hidden=\"no\" woodmart_parallax=\"0\" woodmart_box_shadow=\"no\" responsive_spacing=\"eyJwYXJhbV90eXBlIjoid29vZG1hcnRfcmVzcG9uc2l2ZV9zcGFjaW5nIiwic2VsZWN0b3JfaWQiOiI2NThiMGQ5NThmZjVkIiwic2hvcnRjb2RlIjoidmNfY29sdW1uIiwiZGF0YSI6eyJ0YWJsZXQiOnt9LCJtb2JpbGUiOnt9fX0=\" mobile_reset_margin=\"no\" tablet_reset_margin=\"no\" wd_z_index=\"no\"]\t\t\t<div class=\"info-box-wrapper\">\n\t\t\t\t<div id=\"wd-669675afdbf0f\" class=\" wd-rs-669675afdbf0f wd-info-box wd-wpb text-center box-icon-align-top box-style- color-scheme- wd-bg-none \">\n\t\t\t\t\t\t\t\t\t\t\t<div class=\"box-icon-wrapper  box-with-icon box-icon-with-border\">\n\t\t\t\t\t\t\t<div class=\"info-box-icon\">\n\n\t\t\t\t\t\t\t\n\t\t\t\t\t\t\t\t\t\t\t\t\t\t\t\t\t<img width=\"55\" height=\"55\" src=\"https:\/\/www.woolsome.shop\/wp-content\/uploads\/2023\/12\/ikon2_wysylka-75px-55x55.png\" class=\"attachment-55x55 size-55x55\" alt=\"\" decoding=\"async\" srcset=\"https:\/\/www.woolsome.shop\/wp-content\/uploads\/2023\/12\/ikon2_wysylka-75px-55x55.png 55w, https:\/\/www.woolsome.shop\/wp-content\/uploads\/2023\/12\/ikon2_wysylka-75px-75x75.png 75w, https:\/\/www.woolsome.shop\/wp-content\/uploads\/2023\/12\/ikon2_wysylka-75px.png 112w\" sizes=\"(max-width: 55px) 100vw, 55px\" \/>\t\t\t\t\t\t\t\t\t\t\t\t\t\t\t\n\t\t\t\t\t\t\t<\/div>\n\t\t\t\t\t\t<\/div>\n\t\t\t\t\t\t\t\t\t\t<div class=\"info-box-content\">\n\t\t\t\t\t\t<h4 class=\"info-box-title title box-title-style-default wd-fontsize-s\">Wysy\u0142ka na ca\u0142y \u015bwiat<\/h4>\t\t\t\t\t\t<div class=\"info-box-inner set-cont-mb-s reset-last-child\"><\/div>\n\n\t\t\t\t\t\t\t\t\t\t\t<\/div>\n\n\t\t\t\t\t\n\t\t\t\t\t\t\t\t\t<\/div>\n\t\t\t<\/div>\n\t\t[\/vc_column][vc_column width=\"1\/4\" offset=\"vc_hidden-sm vc_hidden-xs\" woodmart_css_id=\"658b0d9e5cfa2\" parallax_scroll=\"no\" woodmart_sticky_column=\"false\" wd_collapsible_content_switcher=\"no\" wd_column_role_offcanvas_desktop=\"no\" wd_column_role_offcanvas_tablet=\"no\" wd_column_role_offcanvas_mobile=\"no\" wd_column_role_content_desktop=\"no\" wd_column_role_content_tablet=\"no\" wd_column_role_content_mobile=\"no\" mobile_bg_img_hidden=\"no\" tablet_bg_img_hidden=\"no\" woodmart_parallax=\"0\" woodmart_box_shadow=\"no\" responsive_spacing=\"eyJwYXJhbV90eXBlIjoid29vZG1hcnRfcmVzcG9uc2l2ZV9zcGFjaW5nIiwic2VsZWN0b3JfaWQiOiI2NThiMGQ5ZTVjZmEyIiwic2hvcnRjb2RlIjoidmNfY29sdW1uIiwiZGF0YSI6eyJ0YWJsZXQiOnt9LCJtb2JpbGUiOnt9fX0=\" mobile_reset_margin=\"no\" tablet_reset_margin=\"no\" wd_z_index=\"no\"]\t\t\t<div class=\"info-box-wrapper\">\n\t\t\t\t<div id=\"wd-669675cec59df\" class=\" wd-rs-669675cec59df wd-info-box wd-wpb text-center box-icon-align-top box-style- color-scheme- wd-bg-none \">\n\t\t\t\t\t\t\t\t\t\t\t<div class=\"box-icon-wrapper  box-with-icon box-icon-with-border\">\n\t\t\t\t\t\t\t<div class=\"info-box-icon\">\n\n\t\t\t\t\t\t\t\n\t\t\t\t\t\t\t\t\t\t\t\t\t\t\t\t\t<img width=\"55\" height=\"55\" src=\"https:\/\/www.woolsome.shop\/wp-content\/uploads\/2023\/12\/ikon6_professional-75px-55x55.png\" class=\"attachment-55x55 size-55x55\" alt=\"\" decoding=\"async\" srcset=\"https:\/\/www.woolsome.shop\/wp-content\/uploads\/2023\/12\/ikon6_professional-75px-55x55.png 55w, https:\/\/www.woolsome.shop\/wp-content\/uploads\/2023\/12\/ikon6_professional-75px-75x75.png 75w, https:\/\/www.woolsome.shop\/wp-content\/uploads\/2023\/12\/ikon6_professional-75px.png 112w\" sizes=\"(max-width: 55px) 100vw, 55px\" \/>\t\t\t\t\t\t\t\t\t\t\t\t\t\t\t\n\t\t\t\t\t\t\t<\/div>\n\t\t\t\t\t\t<\/div>\n\t\t\t\t\t\t\t\t\t\t<div class=\"info-box-content\">\n\t\t\t\t\t\t<h4 class=\"info-box-title title box-title-style-default wd-fontsize-s\">Profesjonalna obs\u0142uga<\/h4>\t\t\t\t\t\t<div class=\"info-box-inner set-cont-mb-s reset-last-child\"><\/div>\n\n\t\t\t\t\t\t\t\t\t\t\t<\/div>\n\n\t\t\t\t\t\n\t\t\t\t\t\t\t\t\t<\/div>\n\t\t\t<\/div>\n\t\t[\/vc_column][\/vc_row][vc_row][vc_column width=\"1\/2\" offset=\"vc_hidden-lg vc_hidden-md vc_col-xs-6\" woodmart_css_id=\"658b0d6d8ae83\" parallax_scroll=\"no\" woodmart_sticky_column=\"false\" wd_collapsible_content_switcher=\"no\" wd_column_role_offcanvas_desktop=\"no\" wd_column_role_offcanvas_tablet=\"no\" wd_column_role_offcanvas_mobile=\"no\" wd_column_role_content_desktop=\"no\" wd_column_role_content_tablet=\"no\" wd_column_role_content_mobile=\"no\" mobile_bg_img_hidden=\"no\" tablet_bg_img_hidden=\"no\" woodmart_parallax=\"0\" woodmart_box_shadow=\"no\" responsive_spacing=\"eyJwYXJhbV90eXBlIjoid29vZG1hcnRfcmVzcG9uc2l2ZV9zcGFjaW5nIiwic2VsZWN0b3JfaWQiOiI2NThiMGQ2ZDhhZTgzIiwic2hvcnRjb2RlIjoidmNfY29sdW1uIiwiZGF0YSI6eyJ0YWJsZXQiOnt9LCJtb2JpbGUiOnt9fX0=\" mobile_reset_margin=\"no\" tablet_reset_margin=\"no\" wd_z_index=\"no\"]\t\t\t<div class=\"info-box-wrapper\">\n\t\t\t\t<div id=\"wd-66966fea5789b\" class=\" wd-rs-66966fea5789b wd-info-box wd-wpb text-center box-icon-align-top box-style- color-scheme- wd-bg-none \">\n\t\t\t\t\t\t\t\t\t\t\t<div class=\"box-icon-wrapper  box-with-icon box-icon-with-border\">\n\t\t\t\t\t\t\t<div class=\"info-box-icon\">\n\n\t\t\t\t\t\t\t\n\t\t\t\t\t\t\t\t\t\t\t\t\t\t\t\t\t<img width=\"55\" height=\"55\" src=\"https:\/\/www.woolsome.shop\/wp-content\/uploads\/2023\/12\/ikon4_z-recyklingu-75px-55x55.png\" class=\"attachment-55x55 size-55x55\" alt=\"\" decoding=\"async\" srcset=\"https:\/\/www.woolsome.shop\/wp-content\/uploads\/2023\/12\/ikon4_z-recyklingu-75px-55x55.png 55w, https:\/\/www.woolsome.shop\/wp-content\/uploads\/2023\/12\/ikon4_z-recyklingu-75px-75x75.png 75w, https:\/\/www.woolsome.shop\/wp-content\/uploads\/2023\/12\/ikon4_z-recyklingu-75px.png 112w\" sizes=\"(max-width: 55px) 100vw, 55px\" \/>\t\t\t\t\t\t\t\t\t\t\t\t\t\t\t\n\t\t\t\t\t\t\t<\/div>\n\t\t\t\t\t\t<\/div>\n\t\t\t\t\t\t\t\t\t\t<div class=\"info-box-content\">\n\t\t\t\t\t\t<h4 class=\"info-box-title title box-title-style-default wd-fontsize-s\">We\u0142na z recyklingu<\/h4>\t\t\t\t\t\t<div class=\"info-box-inner set-cont-mb-s reset-last-child\"><\/div>\n\n\t\t\t\t\t\t\t\t\t\t\t<\/div>\n\n\t\t\t\t\t\n\t\t\t\t\t\t\t\t\t<\/div>\n\t\t\t<\/div>\n\t\t\t\t\t<div class=\"info-box-wrapper\">\n\t\t\t\t<div id=\"wd-669675afdbf0f\" class=\" wd-rs-669675afdbf0f wd-info-box wd-wpb text-center box-icon-align-top box-style- color-scheme- wd-bg-none \">\n\t\t\t\t\t\t\t\t\t\t\t<div class=\"box-icon-wrapper  box-with-icon box-icon-with-border\">\n\t\t\t\t\t\t\t<div class=\"info-box-icon\">\n\n\t\t\t\t\t\t\t\n\t\t\t\t\t\t\t\t\t\t\t\t\t\t\t\t\t<img width=\"55\" height=\"55\" src=\"https:\/\/www.woolsome.shop\/wp-content\/uploads\/2023\/12\/ikon2_wysylka-75px-55x55.png\" class=\"attachment-55x55 size-55x55\" alt=\"\" decoding=\"async\" srcset=\"https:\/\/www.woolsome.shop\/wp-content\/uploads\/2023\/12\/ikon2_wysylka-75px-55x55.png 55w, https:\/\/www.woolsome.shop\/wp-content\/uploads\/2023\/12\/ikon2_wysylka-75px-75x75.png 75w, https:\/\/www.woolsome.shop\/wp-content\/uploads\/2023\/12\/ikon2_wysylka-75px.png 112w\" sizes=\"(max-width: 55px) 100vw, 55px\" \/>\t\t\t\t\t\t\t\t\t\t\t\t\t\t\t\n\t\t\t\t\t\t\t<\/div>\n\t\t\t\t\t\t<\/div>\n\t\t\t\t\t\t\t\t\t\t<div class=\"info-box-content\">\n\t\t\t\t\t\t<h4 class=\"info-box-title title box-title-style-default wd-fontsize-s\">Wysy\u0142ka na ca\u0142y \u015bwiat<\/h4>\t\t\t\t\t\t<div class=\"info-box-inner set-cont-mb-s reset-last-child\"><\/div>\n\n\t\t\t\t\t\t\t\t\t\t\t<\/div>\n\n\t\t\t\t\t\n\t\t\t\t\t\t\t\t\t<\/div>\n\t\t\t<\/div>\n\t\t[\/vc_column][vc_column width=\"1\/2\" offset=\"vc_hidden-lg vc_hidden-md vc_col-xs-6\" woodmart_css_id=\"658b0d7a943b4\" parallax_scroll=\"no\" woodmart_sticky_column=\"false\" wd_collapsible_content_switcher=\"no\" wd_column_role_offcanvas_desktop=\"no\" wd_column_role_offcanvas_tablet=\"no\" wd_column_role_offcanvas_mobile=\"no\" wd_column_role_content_desktop=\"no\" wd_column_role_content_tablet=\"no\" wd_column_role_content_mobile=\"no\" mobile_bg_img_hidden=\"no\" tablet_bg_img_hidden=\"no\" woodmart_parallax=\"0\" woodmart_box_shadow=\"no\" responsive_spacing=\"eyJwYXJhbV90eXBlIjoid29vZG1hcnRfcmVzcG9uc2l2ZV9zcGFjaW5nIiwic2VsZWN0b3JfaWQiOiI2NThiMGQ3YTk0M2I0Iiwic2hvcnRjb2RlIjoidmNfY29sdW1uIiwiZGF0YSI6eyJ0YWJsZXQiOnt9LCJtb2JpbGUiOnt9fX0=\" mobile_reset_margin=\"no\" tablet_reset_margin=\"no\" wd_z_index=\"no\"]\t\t\t<div class=\"info-box-wrapper\">\n\t\t\t\t<div id=\"wd-66966fffe107f\" class=\" wd-rs-66966fffe107f wd-info-box wd-wpb text-center box-icon-align-top box-style- color-scheme- wd-bg-none \">\n\t\t\t\t\t\t\t\t\t\t\t<div class=\"box-icon-wrapper  box-with-icon box-icon-with-border\">\n\t\t\t\t\t\t\t<div class=\"info-box-icon\">\n\n\t\t\t\t\t\t\t\n\t\t\t\t\t\t\t\t\t\t\t\t\t\t\t\t\t<img width=\"55\" height=\"55\" src=\"https:\/\/www.woolsome.shop\/wp-content\/uploads\/2023\/12\/ikon1_naturalne-wlokna-75px-55x55.png\" class=\"attachment-55x55 size-55x55\" alt=\"\" decoding=\"async\" srcset=\"https:\/\/www.woolsome.shop\/wp-content\/uploads\/2023\/12\/ikon1_naturalne-wlokna-75px-55x55.png 55w, https:\/\/www.woolsome.shop\/wp-content\/uploads\/2023\/12\/ikon1_naturalne-wlokna-75px-75x75.png 75w, https:\/\/www.woolsome.shop\/wp-content\/uploads\/2023\/12\/ikon1_naturalne-wlokna-75px.png 112w\" sizes=\"(max-width: 55px) 100vw, 55px\" \/>\t\t\t\t\t\t\t\t\t\t\t\t\t\t\t\n\t\t\t\t\t\t\t<\/div>\n\t\t\t\t\t\t<\/div>\n\t\t\t\t\t\t\t\t\t\t<div class=\"info-box-content\">\n\t\t\t\t\t\t<h4 class=\"info-box-title title box-title-style-default wd-fontsize-s\">Naturalne w\u0142\u00f3kna<\/h4>\t\t\t\t\t\t<div class=\"info-box-inner set-cont-mb-s reset-last-child\"><\/div>\n\n\t\t\t\t\t\t\t\t\t\t\t<\/div>\n\n\t\t\t\t\t\n\t\t\t\t\t\t\t\t\t<\/div>\n\t\t\t<\/div>\n\t\t\t\t\t<div class=\"info-box-wrapper\">\n\t\t\t\t<div id=\"wd-669675cec59df\" class=\" wd-rs-669675cec59df wd-info-box wd-wpb text-center box-icon-align-top box-style- color-scheme- wd-bg-none \">\n\t\t\t\t\t\t\t\t\t\t\t<div class=\"box-icon-wrapper  box-with-icon box-icon-with-border\">\n\t\t\t\t\t\t\t<div class=\"info-box-icon\">\n\n\t\t\t\t\t\t\t\n\t\t\t\t\t\t\t\t\t\t\t\t\t\t\t\t\t<img width=\"55\" height=\"55\" src=\"https:\/\/www.woolsome.shop\/wp-content\/uploads\/2023\/12\/ikon6_professional-75px-55x55.png\" class=\"attachment-55x55 size-55x55\" alt=\"\" decoding=\"async\" srcset=\"https:\/\/www.woolsome.shop\/wp-content\/uploads\/2023\/12\/ikon6_professional-75px-55x55.png 55w, https:\/\/www.woolsome.shop\/wp-content\/uploads\/2023\/12\/ikon6_professional-75px-75x75.png 75w, https:\/\/www.woolsome.shop\/wp-content\/uploads\/2023\/12\/ikon6_professional-75px.png 112w\" sizes=\"(max-width: 55px) 100vw, 55px\" \/>\t\t\t\t\t\t\t\t\t\t\t\t\t\t\t\n\t\t\t\t\t\t\t<\/div>\n\t\t\t\t\t\t<\/div>\n\t\t\t\t\t\t\t\t\t\t<div class=\"info-box-content\">\n\t\t\t\t\t\t<h4 class=\"info-box-title title box-title-style-default wd-fontsize-s\">Profesjonalna obs\u0142uga<\/h4>\t\t\t\t\t\t<div class=\"info-box-inner set-cont-mb-s reset-last-child\"><\/div>\n\n\t\t\t\t\t\t\t\t\t\t\t<\/div>\n\n\t\t\t\t\t\n\t\t\t\t\t\t\t\t\t<\/div>\n\t\t\t<\/div>\n\t\t[\/vc_column][\/vc_row]<\/p>\r\n <!-- PL - WTV description --><\/p>\n","protected":false},"featured_media":22696,"template":"","meta":{"_acf_changed":false},"product_cat":[277,707,808],"product_tag":[],"woo-feed-brand":[],"class_list":{"0":"post-22814","1":"product","2":"type-product","3":"status-publish","4":"has-post-thumbnail","6":"product_cat-tkaniny-welniane","7":"product_cat-welna-srednia-rt-diagonal","8":"product_cat-tkaniny-do-farbowania","10":"first","11":"instock","12":"featured","13":"taxable","14":"shipping-taxable","15":"purchasable","16":"product-type-simple"},"acf":[],"_links":{"self":[{"href":"https:\/\/www.woolsome.shop\/pl\/wp-json\/wp\/v2\/product\/22814","targetHints":{"allow":["GET"]}}],"collection":[{"href":"https:\/\/www.woolsome.shop\/pl\/wp-json\/wp\/v2\/product"}],"about":[{"href":"https:\/\/www.woolsome.shop\/pl\/wp-json\/wp\/v2\/types\/product"}],"wp:featuredmedia":[{"embeddable":true,"href":"https:\/\/www.woolsome.shop\/pl\/wp-json\/wp\/v2\/media\/22696"}],"wp:attachment":[{"href":"https:\/\/www.woolsome.shop\/pl\/wp-json\/wp\/v2\/media?parent=22814"}],"wp:term":[{"taxonomy":"product_cat","embeddable":true,"href":"https:\/\/www.woolsome.shop\/pl\/wp-json\/wp\/v2\/product_cat?post=22814"},{"taxonomy":"product_tag","embeddable":true,"href":"https:\/\/www.woolsome.shop\/pl\/wp-json\/wp\/v2\/product_tag?post=22814"},{"taxonomy":"woo-feed-brand","embeddable":true,"href":"https:\/\/www.woolsome.shop\/pl\/wp-json\/wp\/v2\/woo-feed-brand?post=22814"}],"curies":[{"name":"wp","href":"https:\/\/api.w.org\/{rel}","templated":true}]}}